{"id":7224,"date":"2025-03-31T07:34:17","date_gmt":"2025-03-31T07:34:17","guid":{"rendered":"https:\/\/ambtu.coop\/?post_type=product&#038;p=7224"},"modified":"2025-04-02T07:52:31","modified_gmt":"2025-04-02T07:52:31","slug":"modelos-de-hacienda-y-de-la-seguridad-social-en-el-ambito-de-la-gestion-de-subvenciones-publicas","status":"publish","type":"product","link":"https:\/\/ambtu.coop\/en\/producte\/modelos-de-hacienda-y-de-la-seguridad-social-en-el-ambito-de-la-gestion-de-subvenciones-publicas\/","title":{"rendered":"Modelos de Hacienda y de la Seguridad Social en el \u00e1mbito de la gesti\u00f3n de  subvenciones p\u00fablicas"},"content":{"rendered":"<section id=\"region-fullwidthtop-blocks\" class=\"has-blocks\" aria-label=\"region top blocks\"><\/section>\n<div class=\"secondary-navigation edw-tabs-navigation d-print-none\">\n<nav class=\"moremenu navigation observed\"><strong><em><b>Modelos de Hacienda y de la Seguridad Social en el \u00e1mbito de la gesti\u00f3n de<br \/>\nsubvenciones p\u00fablicas<\/b><\/em><\/strong><\/nav>\n<nav><\/nav>\n<nav><\/nav>\n<nav class=\"moremenu navigation observed\">????<span class=\"OYPEnA font-feature-liga-off font-feature-clig-off font-feature-calt-off text-decoration-none text-strikethrough-none\">El objetivo de este curso es capacitar a las entidades beneficiarias de una subvenci\u00f3n p\u00fablica para que puedan comprender cu\u00e1les son los modelos de Hacienda y de la Seguridad Social de obligada presentaci\u00f3n a la administraci\u00f3n p\u00fablica en el momento de la justificaci\u00f3n, as\u00ed como entender a grandes rasgos qu\u00e9 informaci\u00f3n es la que contienen estos modelos relativos a nuestra entidad y nuestro proyecto.<\/span><\/nav>\n<nav><\/nav>\n<nav><\/nav>\n<\/div>\n<div id=\"yui_3_17_2_1_1716993106705_1117\" class=\"generalsectioninfo\">\n<div class=\"read-more-target coursesummary summary-expanded\">\n<div class=\"no-overflow\">\n<p>????El curso incorpora:<\/p>\n<ul>\n<li>4 V\u00eddeo-m\u00f3dulos de formaci\u00f3n<\/li>\n<li><span class=\"OYPEnA font-feature-liga-off font-feature-clig-off font-feature-calt-off text-decoration-none text-strikethrough-none\">Material did\u00e1ctico descargable<\/span><\/li>\n<li><span class=\"OYPEnA font-feature-liga-off font-feature-clig-off font-feature-calt-off text-decoration-none text-strikethrough-none\">Test de autoevaluaci\u00f3n<\/span><\/li>\n<\/ul>\n<\/div>\n<div class=\"no-overflow\">\n<p><b>????<\/b>Para obtener m\u00e1s informaci\u00f3n sobre el curso, su duraci\u00f3n y el docente que lo imparte, puedes descargar el <a href=\"https:\/\/campus.ambtu.coop\/pluginfile.php\/309\/mod_resource\/content\/6\/Folleto%20AEAT-SS.pdf\">folleto informativo<\/a>.<\/p>\n<p>Preparado\/a para empezar?????<\/p>\n<p>&nbsp;<\/p>\n<\/div>\n<p><b>Acceso al Curso Online<\/b><br \/>\nCada compra de nuestro curso corresponde a un (1) usuario individual. Esto significa que solo la persona que realiza la compra tendr\u00e1 acceso al contenido del curso con su cuenta personal. Si deseas adquirir acceso para m\u00e1s de un usuario de tu entidad, por favor cont\u00e1ctanos a trav\u00e9s del correo hola@ambtu.coop. \u00a1Estaremos encantados de ofrecerte opciones para cuentas adicionales!<\/p>\n<\/div>\n<\/div>\n","protected":false},"excerpt":{"rendered":"<p>Modelos de Hacienda y de la Seguridad Social en el \u00e1mbito de la gesti\u00f3n de subvenciones p\u00fablicas ????El objetivo de este curso es capacitar a las entidades beneficiarias de una subvenci\u00f3n p\u00fablica para que puedan comprender cu\u00e1les son los modelos de Hacienda y de la Seguridad Social de obligada presentaci\u00f3n a la administraci\u00f3n p\u00fablica en &#8230; <a title=\"Modelos de Hacienda y de la Seguridad Social en el \u00e1mbito de la gesti\u00f3n de  subvenciones p\u00fablicas\" class=\"read-more\" href=\"https:\/\/ambtu.coop\/en\/producte\/modelos-de-hacienda-y-de-la-seguridad-social-en-el-ambito-de-la-gestion-de-subvenciones-publicas\/\" aria-label=\"Read more about Modelos de Hacienda y de la Seguridad Social en el \u00e1mbito de la gesti\u00f3n de  subvenciones p\u00fablicas\">Read more<\/a><\/p>\n","protected":false},"featured_media":7236,"template":"","meta":{"inline_featured_image":false,"editor_plus_copied_stylings":"{}"},"product_brand":[],"product_cat":[51],"product_tag":[],"class_list":{"0":"post-7224","1":"product","2":"type-product","3":"status-publish","4":"has-post-thumbnail","6":"product_cat-consultoriaeconomico-financera","7":"infinite-scroll-item","8":"resize-featured-image","10":"first","11":"instock","12":"virtual","13":"sold-individually","14":"taxable","15":"purchasable","16":"product-type-simple"},"_links":{"self":[{"href":"https:\/\/ambtu.coop\/en\/wp-json\/wp\/v2\/product\/7224","targetHints":{"allow":["GET"]}}],"collection":[{"href":"https:\/\/ambtu.coop\/en\/wp-json\/wp\/v2\/product"}],"about":[{"href":"https:\/\/ambtu.coop\/en\/wp-json\/wp\/v2\/types\/product"}],"wp:featuredmedia":[{"embeddable":true,"href":"https:\/\/ambtu.coop\/en\/wp-json\/wp\/v2\/media\/7236"}],"wp:attachment":[{"href":"https:\/\/ambtu.coop\/en\/wp-json\/wp\/v2\/media?parent=7224"}],"wp:term":[{"taxonomy":"product_brand","embeddable":true,"href":"https:\/\/ambtu.coop\/en\/wp-json\/wp\/v2\/product_brand?post=7224"},{"taxonomy":"product_cat","embeddable":true,"href":"https:\/\/ambtu.coop\/en\/wp-json\/wp\/v2\/product_cat?post=7224"},{"taxonomy":"product_tag","embeddable":true,"href":"https:\/\/ambtu.coop\/en\/wp-json\/wp\/v2\/product_tag?post=7224"}],"curies":[{"name":"wp","href":"https:\/\/api.w.org\/{rel}","templated":true}]}}