{"id":7242,"date":"2025-04-02T07:53:24","date_gmt":"2025-04-02T07:53:24","guid":{"rendered":"https:\/\/ambtu.coop\/?post_type=product&#038;p=7242"},"modified":"2025-10-17T10:40:29","modified_gmt":"2025-10-17T10:40:29","slug":"introduccio-a-la-formulacio-de-subvencions-culturals-publiques","status":"publish","type":"product","link":"https:\/\/ambtu.coop\/en\/producte\/introduccio-a-la-formulacio-de-subvencions-culturals-publiques\/","title":{"rendered":"Introducci\u00f3 a la formulaci\u00f3 de subvencions culturals p\u00fabliques"},"content":{"rendered":"<p><strong id=\"yui_3_17_2_1_1716993940326_1013\"><em id=\"yui_3_17_2_1_1716993940326_1012\"><b id=\"yui_3_17_2_1_1716993940326_1011\"><b>Introducci\u00f3 a la formulaci\u00f3 de subvencions culturals p\u00fabliques <\/b> <\/b><\/em><\/strong><\/p>\n<p>\ud83c\udfafL\u2019objectiu d\u2019aquest curs \u00e9s <em>capacitar a les entitats culturals i art\u00edstiques<\/em> per tal que puguin comprendre els requisits i els processos de formulaci\u00f3 i presentaci\u00f3 dels seus projectes a <em>convocat\u00f2ries de subvencions culturals i art\u00edstiques dels principals agents finan\u00e7adors catalans (ICEC i OSIC) i europeus<\/em>.<br \/>\nA trav\u00e9s de contingut tant te\u00f2ric com pr\u00e0ctic, el curs proporciona les eines i recursos necessaris perqu\u00e8 es pugui:<br \/>\nPreparar i presentar projectes de qualitat que compleixin amb els objectius de la convocat\u00f2ria i obtenir finan\u00e7ament per a les seves iniciatives culturals i art\u00edstiques.<\/p>\n<p>\ud83d\udcd2Aquest curs consta de 4 m\u00f2duls amb diversos v\u00eddeos cadascun, eines i exercicis pr\u00e0ctics que t\u2019ajudaran a planificar el teu projecte i preparar pas a pas els diversos documents de la convocat\u00f2ria.<\/p>\n<p>Preparat per comen\u00e7ar?\ud83d\ude80<\/p>\n<p>&nbsp;<\/p>\n<p>Per obtenir m\u00e9s informaci\u00f3 sobre el curs, els seus docents i les modalitats, descarrega el <a href=\"https:\/\/drive.google.com\/file\/d\/1VqGQL2JqZ10MLlMEd3m41z0Txa27X7fO\/view?usp=drive_link\" target=\"_blank\" rel=\"noopener\">full informatiu<\/a>.<\/p>\n<p><b>Acc\u00e9s al Curs Online<\/b><br \/>\nCada compra del nostre curs correspon a un (1) usuari individual. Aix\u00f2 significa que nom\u00e9s la persona que realitza la compra tindr\u00e0 acc\u00e9s al contingut del curs amb el seu compte personal. Si desitges adquirir acc\u00e9s per a m\u00e9s d&#8217;un usuari de la teva entitat, si us plau contacta&#8217;ns a trav\u00e9s del correu hola@ambtu.coop . Estem encantats d&#8217;oferir-te opcions per a comptes addicionals!<\/p>\n","protected":false},"excerpt":{"rendered":"<p>Introducci\u00f3 a la formulaci\u00f3 de subvencions culturals p\u00fabliques \ud83c\udfafL\u2019objectiu d\u2019aquest curs \u00e9s capacitar a les entitats culturals i art\u00edstiques per tal que puguin comprendre els requisits i els processos de formulaci\u00f3 i presentaci\u00f3 dels seus projectes a convocat\u00f2ries de subvencions culturals i art\u00edstiques dels principals agents finan\u00e7adors catalans (ICEC i OSIC) i europeus. A trav\u00e9s &#8230; <a title=\"Introducci\u00f3 a la formulaci\u00f3 de subvencions culturals p\u00fabliques\" class=\"read-more\" href=\"https:\/\/ambtu.coop\/en\/producte\/introduccio-a-la-formulacio-de-subvencions-culturals-publiques\/\" aria-label=\"Read more about Introducci\u00f3 a la formulaci\u00f3 de subvencions culturals p\u00fabliques\">Read more<\/a><\/p>\n","protected":false},"featured_media":7320,"template":"","meta":{"inline_featured_image":false,"editor_plus_copied_stylings":"{}"},"product_brand":[],"product_cat":[50],"product_tag":[],"class_list":{"0":"post-7242","1":"product","2":"type-product","3":"status-publish","4":"has-post-thumbnail","6":"product_cat-consultoriadeprojectes","7":"infinite-scroll-item","8":"resize-featured-image","10":"first","11":"instock","12":"virtual","13":"sold-individually","14":"taxable","15":"purchasable","16":"product-type-simple"},"_links":{"self":[{"href":"https:\/\/ambtu.coop\/en\/wp-json\/wp\/v2\/product\/7242","targetHints":{"allow":["GET"]}}],"collection":[{"href":"https:\/\/ambtu.coop\/en\/wp-json\/wp\/v2\/product"}],"about":[{"href":"https:\/\/ambtu.coop\/en\/wp-json\/wp\/v2\/types\/product"}],"wp:featuredmedia":[{"embeddable":true,"href":"https:\/\/ambtu.coop\/en\/wp-json\/wp\/v2\/media\/7320"}],"wp:attachment":[{"href":"https:\/\/ambtu.coop\/en\/wp-json\/wp\/v2\/media?parent=7242"}],"wp:term":[{"taxonomy":"product_brand","embeddable":true,"href":"https:\/\/ambtu.coop\/en\/wp-json\/wp\/v2\/product_brand?post=7242"},{"taxonomy":"product_cat","embeddable":true,"href":"https:\/\/ambtu.coop\/en\/wp-json\/wp\/v2\/product_cat?post=7242"},{"taxonomy":"product_tag","embeddable":true,"href":"https:\/\/ambtu.coop\/en\/wp-json\/wp\/v2\/product_tag?post=7242"}],"curies":[{"name":"wp","href":"https:\/\/api.w.org\/{rel}","templated":true}]}}