{"id":7268,"date":"2025-04-02T09:55:01","date_gmt":"2025-04-02T09:55:01","guid":{"rendered":"https:\/\/ambtu.coop\/?post_type=product&#038;p=7268"},"modified":"2025-04-03T08:07:40","modified_gmt":"2025-04-03T08:07:40","slug":"introduccion-a-fondos-europeos-para-proyectos-de-innovacion-social","status":"publish","type":"product","link":"https:\/\/ambtu.coop\/en\/producte\/introduccion-a-fondos-europeos-para-proyectos-de-innovacion-social\/","title":{"rendered":"Introducci\u00f3n a fondos europeos para proyectos de innovaci\u00f3n social"},"content":{"rendered":"<p><strong>Introducci\u00f3n a fondos europeos para proyectos de innovaci\u00f3n social<\/strong><\/p>\n<p>PR\u00d2XIMAMENT<\/p>\n","protected":false},"excerpt":{"rendered":"<p>Introducci\u00f3n a fondos europeos para proyectos de innovaci\u00f3n social PR\u00d2XIMAMENT<\/p>\n","protected":false},"featured_media":7287,"template":"","meta":{"inline_featured_image":false,"editor_plus_copied_stylings":"{}"},"product_brand":[],"product_cat":[50],"product_tag":[],"class_list":{"0":"post-7268","1":"product","2":"type-product","3":"status-publish","4":"has-post-thumbnail","6":"product_cat-consultoriadeprojectes","7":"infinite-scroll-item","8":"resize-featured-image","10":"first","11":"instock","12":"virtual","13":"sold-individually","14":"taxable","15":"purchasable","16":"product-type-simple"},"_links":{"self":[{"href":"https:\/\/ambtu.coop\/en\/wp-json\/wp\/v2\/product\/7268","targetHints":{"allow":["GET"]}}],"collection":[{"href":"https:\/\/ambtu.coop\/en\/wp-json\/wp\/v2\/product"}],"about":[{"href":"https:\/\/ambtu.coop\/en\/wp-json\/wp\/v2\/types\/product"}],"wp:featuredmedia":[{"embeddable":true,"href":"https:\/\/ambtu.coop\/en\/wp-json\/wp\/v2\/media\/7287"}],"wp:attachment":[{"href":"https:\/\/ambtu.coop\/en\/wp-json\/wp\/v2\/media?parent=7268"}],"wp:term":[{"taxonomy":"product_brand","embeddable":true,"href":"https:\/\/ambtu.coop\/en\/wp-json\/wp\/v2\/product_brand?post=7268"},{"taxonomy":"product_cat","embeddable":true,"href":"https:\/\/ambtu.coop\/en\/wp-json\/wp\/v2\/product_cat?post=7268"},{"taxonomy":"product_tag","embeddable":true,"href":"https:\/\/ambtu.coop\/en\/wp-json\/wp\/v2\/product_tag?post=7268"}],"curies":[{"name":"wp","href":"https:\/\/api.w.org\/{rel}","templated":true}]}}