{"id":5327,"date":"2022-05-20T08:00:36","date_gmt":"2022-05-20T08:00:36","guid":{"rendered":"https:\/\/ambtu.coop\/avis-legal-i-condicions-generals-dus\/"},"modified":"2022-10-06T07:56:00","modified_gmt":"2022-10-06T07:56:00","slug":"aviso-legal-y-condiciones-generales-de-uso","status":"publish","type":"page","link":"https:\/\/ambtu.coop\/es\/aviso-legal-y-condiciones-generales-de-uso\/","title":{"rendered":"Aviso legal y condiciones generales de uso"},"content":{"rendered":"<ol class=\"eplus-wrapper wp-block-list eplus-styles-uid-aea8b8\"><li><strong>INFORMACI\u00d3N GENERAL\u00a0<\/strong><\/li><\/ol>\n\n\n<p class=\" eplus-wrapper\">En cumplimiento con el deber de informaci\u00f3n dispuesto en la Ley 34\/2002 de Servicios de la Sociedad de la Informaci\u00f3n y el Comercio Electr\u00f3nico (LSSI-CE) de 11 de julio, se facilitan a continuaci\u00f3n los datos de informaci\u00f3n general de este sitio web:&nbsp;<\/p>\n\n\n\n<p class=\" eplus-wrapper\">La titularidad de este sitio web, www.ambtu.coop, (en adelante, Sitio Web) la ostenta: AMBTUCOOP, SCCL, provista de NIF: F01823699 e inscrita en: Registro de Cooperativas de Barcelona con los siguientes datos registrales: Asiento 1, hoja de inscripci\u00f3n 15545, cuyo representante es: Rebeca Segura Alonso, cuyos datos de contacto son:&nbsp;<\/p>\n\n\n\n<p class=\" eplus-wrapper\">Direcci\u00f3n: C\/ Sagitari 4, 08818 Olivella&nbsp;<\/p>\n\n\n\n<p class=\" eplus-wrapper\">Tel\u00e9fono de contacto: 93 232 34 23&nbsp;<\/p>\n\n\n\n<p class=\" eplus-wrapper\">Email de contacto: <a href=\"mailto:hola@ambtu.coop\">hola@ambtu.coop<\/a>&nbsp;<\/p>\n\n\n<ol start=\"2\" class=\"eplus-wrapper wp-block-list eplus-styles-uid-295164\"><li><strong>T\u00c9RMINOS Y CONDICIONES GENERALES DE USO\u00a0<\/strong><\/li><\/ol>\n\n\n<p class=\" eplus-wrapper\"><strong>El objeto de las condiciones: El Sitio Web&nbsp;<\/strong><\/p>\n\n\n\n<p class=\" eplus-wrapper\">El objeto de estas Condiciones Generales de Uso (en adelante, Condiciones) es regular el acceso y la utilizaci\u00f3n del Sitio Web. A efectos de las presentes Condiciones se entender\u00e1 como Sitio Web: la apariencia externa de las interfaces de pantalla, tanto de forma est\u00e1tica como de forma din\u00e1mica, es decir, el \u00e1rbol de navegaci\u00f3n; y todos los elementos integrados tanto en las interfaces de pantalla como en el \u00e1rbol de navegaci\u00f3n (en adelante, Contenidos) y todos aquellos servicios o recursos online que en su caso ofrezca a los Usuarios (en adelante, Servicios).&nbsp;<\/p>\n\n\n\n<p class=\" eplus-wrapper\">AmbTu se reserva la facultad de modificar, en cualquier momento, y sin previo aviso, la presentaci\u00f3n y configuraci\u00f3n del Sitio Web y de los Contenidos y Servicios que pudieran estar incorporados. El Usuario reconoce y acepta que en cualquier momento AmbTu pueda interrumpir, desactivar y\/o cancelar cualquiera de estos elementos que se integran en el Sitio Web o acceder a ellos.&nbsp;<\/p>\n\n\n\n<p class=\" eplus-wrapper\">El acceso al Sitio Web por el Usuario tiene car\u00e1cter libre y, por lo general, es gratuito sin que el Usuario deba proporcionar una contraprestaci\u00f3n para poder disfrutarlo, salvo el coste de conexi\u00f3n a trav\u00e9s de la red de telecomunicaciones suministrada por el proveedor de acceso que el Usuario haya contratado.&nbsp;<\/p>\n\n\n\n<p class=\" eplus-wrapper\"><strong>El Usuario&nbsp;<\/strong><\/p>\n\n\n\n<p class=\" eplus-wrapper\">El acceso, navegaci\u00f3n y uso del Sitio Web, confiere la condici\u00f3n de Usuario, por lo que se aceptan, desde que se inicia la navegaci\u00f3n por el Sitio Web, todas las Condiciones aqu\u00ed establecidas, as\u00ed como las modificaciones ulteriores, sin perjuicio de la aplicaci\u00f3n de la correspondiente normativa legal de obligado cumplimiento seg\u00fan el caso. Dada la relevancia de lo anterior, se recomienda al Usuario leerlas cada vez que visite el Sitio Web.&nbsp;<\/p>\n\n\n\n<p class=\" eplus-wrapper\">El Sitio Web de AmbTu proporciona una gran diversidad de informaci\u00f3n, servicios y datos. El Usuario asume su responsabilidad por hacer un uso correcto del Sitio Web. Esta responsabilidad se extender\u00e1 a:&nbsp;<\/p>\n\n\n\n<p class=\" eplus-wrapper\">\u2022 Un uso de la informaci\u00f3n, Contenidos y\/o Servicios y datos ofrecidos por AmbTu sin que sea contrario a lo dispuesto en estas Condiciones, la Ley, la moral o el orden p\u00fablico, o que de cualquier otra forma puedan suponer lesi\u00f3n de los derechos de terceros o del propio funcionamiento del Sitio Web.&nbsp;<\/p>\n\n\n\n<p class=\" eplus-wrapper\">\u2022 La veracidad y licitud de las informaciones aportadas por el Usuario a los formularios extendidos por AmbTu para el acceso a ciertos Contenidos o Servicios ofrecidos por el Sitio Web. En cualquier caso, el Usuario notificar\u00e1 de forma inmediata a AmbTu sobre cualquier hecho que permita el uso indebido de la informaci\u00f3n registrada en estos formularios, tales como, pero no s\u00f3lo, el robo, la p\u00e9rdida, o el acceso no autorizado a identificadores y\/o contrase\u00f1as, a fin de proceder a su cancelaci\u00f3n inmediata.&nbsp;<\/p>\n\n\n\n<p class=\" eplus-wrapper\">El mero acceso a este Sitio Web no supone entablar ning\u00fan tipo de relaci\u00f3n de car\u00e1cter comercial entre AmbTu y el Usuario.&nbsp;<\/p>\n\n\n\n<p class=\" eplus-wrapper\">Siempre en el respeto de la legislaci\u00f3n vigente, este Sitio Web de AmbTu se dirige a todas las personas, sin importar su edad, que puedan acceder y\/o navegar por las p\u00e1ginas del Sitio Web.&nbsp;<\/p>\n\n\n<ol start=\"3\" class=\"eplus-wrapper wp-block-list eplus-styles-uid-272708\"><li><strong>ACCESO Y NAVEGACI\u00d3N AL SITIO WEB: EXCLUSI\u00d3N DE GARANT\u00cdAS Y RESPONSABILIDAD\u00a0<\/strong><\/li><\/ol>\n\n\n<p class=\" eplus-wrapper\">AmbTu no garantiza la continuidad, disponibilidad y utilidad del Sitio Web, ni de los Contenidos o Servicios. Sin embargo, AmbTu har\u00e1 todo lo posible por el buen funcionamiento del Sitio Web, no se responsabiliza ni garantiza que el acceso a este Sitio Web no sea ininterrumpido o que est\u00e9 libre de error.&nbsp;<\/p>\n\n\n\n<p class=\" eplus-wrapper\">Tampoco se responsabiliza o garantiza que el contenido o software al que se pueda acceder a trav\u00e9s de este Sitio Web, est\u00e9 libre de error o cause un da\u00f1o al sistema inform\u00e1tico (software y hardware) del Usuario. En ning\u00fan caso AmbTu ser\u00e1 responsable por las p\u00e9rdidas, da\u00f1os o perjuicios de cualquier tipo que surjan por el acceso, navegaci\u00f3n y uso del Sitio Web, incluy\u00e9ndose, pero no limit\u00e1ndose, a los ocasionados a los sistemas inform\u00e1ticos o los provocados por la introducci\u00f3n de virus.&nbsp;<\/p>\n\n\n\n<p class=\" eplus-wrapper\">AmbTu tampoco se hace responsable de los da\u00f1os que pudieran ocasionarse a los usuarios por un uso inadecuado de este Sitio We<strong> <\/strong>b. En particular, no se hace responsable en modo alguno de las ca\u00eddas, interrupciones, falta o defecto de las telecomunicaciones que pudieran ocurrir.&nbsp;<\/p>\n\n\n<ol start=\"4\" class=\"eplus-wrapper wp-block-list eplus-styles-uid-5a6ad0\"><li><strong>POL\u00cdTICA DE ENLACES\u00a0<\/strong><\/li><\/ol>\n\n\n<p class=\" eplus-wrapper\">Se informa que el Sitio Web de AmbTu pone o puede poner a disposici\u00f3n de los usuarios medios de enlace (como, entre otros, links, banners, botones), directorios y motores de b\u00fasqueda que permiten a los usuarios acceder a sitios web pertenecientes y\/o gestionados por terceros.&nbsp;<\/p>\n\n\n\n<p class=\" eplus-wrapper\">La instalaci\u00f3n de estos enlaces, directorios y motores de b\u00fasqueda en el Sitio Web tiene por objeto facilitar a los Usuarios la b\u00fasqueda y acceso a la informaci\u00f3n disponible en Internet, sin que pueda considerarse una sugerencia, recomendaci\u00f3n o invitaci\u00f3n para la visita de los mismos.&nbsp;<\/p>\n\n\n\n<p class=\" eplus-wrapper\">AmbTu no ofrece ni comercializa por s\u00ed mismo ni por medio de terceros los productos y\/o servicios disponibles en estos sitios enlazados.&nbsp;<\/p>\n\n\n\n<p class=\" eplus-wrapper\">Asimismo, tampoco garantizar\u00e1 la disponibilidad t\u00e9cnica, exactitud, veracidad, validez o legalidad de sitios ajenos a su propiedad a la que se pueda acceder mediante los enlaces.&nbsp;<\/p>\n\n\n\n<p class=\" eplus-wrapper\">AmbTu en ning\u00fan caso revisar\u00e1 o controlar\u00e1 el contenido de otros sitios web, as\u00ed como tampoco aprueba, examina ni hace propios los productos y servicios, contenidos, archivos y cualquier otro material existente en los referidos sitios enlazados.&nbsp;<\/p>\n\n\n\n<p class=\" eplus-wrapper\">AmbTu no asume ninguna responsabilidad por los da\u00f1os y perjuicios que pudieran producirse por el acceso, uso, calidad o licitud de los contenidos, comunicaciones, opiniones, productos y servicios de los sitios web no gestionados por AmbTu y que sean enlazados a este Sitio Web.&nbsp;<\/p>\n\n\n\n<p class=\" eplus-wrapper\">El Usuario o tercero que haga un hiperenlace desde una p\u00e1gina web de otro, diferente, sitio web en el Sitio Web de AmbTu deber\u00e1 saber que:&nbsp;<\/p>\n\n\n<ul class=\"eplus-wrapper wp-block-list eplus-styles-uid-f0e6ac\"><li>No se permite la reproducci\u00f3n \u2014total o parcialmente\u2014 de ninguno de los Contenidos y\/o Servicios del Sitio Web sin autorizaci\u00f3n expresa de AmbTu.\u00a0<\/li><li>No se permite tampoco ninguna manifestaci\u00f3n falsa, inexacta o incorrecta sobre el Sitio Web de AmbTu, ni sobre los Contenidos y\/o Servicios del mismo.\u00a0<\/li><li>A excepci\u00f3n del hiperenlace, el sitio web en el que se establezca este hiperenlace no contendr\u00e1 ning\u00fan elemento, de este Sitio Web, protegido como propiedad intelectual por el ordenamiento jur\u00eddico espa\u00f1ol, salvo autorizaci\u00f3n expresa de AmbTu.\u00a0<\/li><li>El establecimiento del hiperenlace no implicar\u00e1 la existencia de relaciones entre AmbTu y el titular del sitio web desde el que se realice, ni el conocimiento y la aceptaci\u00f3n de AmbTu de los contenidos, servicios y\/o actividades ofrecidos en este sitio web , y viceversa.\u00a0<\/li><\/ul>\n\n<ol start=\"5\" class=\"eplus-wrapper wp-block-list eplus-styles-uid-d9968d\"><li><strong>PROPIEDAD INTELECTUAL E INDUSTRIAL\u00a0<\/strong><\/li><\/ol>\n\n\n<p class=\" eplus-wrapper\">AmbTu por s\u00ed o como parte cesionaria, es titular de todos los derechos de propiedad intelectual e industrial del Sitio Web, as\u00ed como de los elementos contenidos en \u00e9ste (a t\u00edtulo enunciativo y no exhaustivo, im\u00e1genes, sonido, audio, v\u00eddeo, software o textos, marcas o logotipos, combinaciones de colores, estructura y dise\u00f1o, selecci\u00f3n de materiales usados, programas de ordenador necesarios para su funcionamiento, acceso y uso, etc.). Ser\u00e1n, por tanto, obras protegidas como propiedad intelectual por el ordenamiento jur\u00eddico espa\u00f1ol, y les ser\u00e1n de aplicaci\u00f3n tanto la normativa espa\u00f1ola y comunitaria en este campo, como los tratados internacionales relativos a la materia y suscritos por Espa\u00f1a.&nbsp;<\/p>\n\n\n\n<p class=\" eplus-wrapper\">Todos los derechos reservados. En virtud de lo dispuesto en la Ley de propiedad intelectual, quedan expresamente prohibidas la reproducci\u00f3n, distribuci\u00f3n y comunicaci\u00f3n p\u00fablica, incluida su modalidad de puesta a disposici\u00f3n, de la totalidad o parte de los contenidos de esta p\u00e1gina web, con fines comerciales, en cualquier soporte y por cualquier medio t\u00e9cnico, sin la autorizaci\u00f3n de AmbTu.&nbsp;<\/p>\n\n\n\n<p class=\" eplus-wrapper\">El usuario se compromete a respetar los derechos de propiedad intelectual e industrial de AmbTu. Podr\u00e1 visualizar los elementos del Sitio Web o incluso imprimirlos, copiarlos y almacenarlos en el disco duro de su ordenador o en cualquier otro soporte f\u00edsico siempre que sea, exclusivamente, para su uso personal. Sin embargo, el Usuario no podr\u00e1 suprimir, alterar, o manipular cualquier dispositivo de protecci\u00f3n o sistema de seguridad que estuviera instalado en el Sitio Web.&nbsp;<\/p>\n\n\n\n<p class=\" eplus-wrapper\">En caso de que el Usuario o tercero considere que cualquiera de los Contenidos del Sitio Web suponga una violaci\u00f3n de los derechos de protecci\u00f3n de la propiedad intelectual, deber\u00e1 comunicarlo inmediatamente a AmbTu a trav\u00e9s de los datos de contacto del apartado de INFORMACI\u00d3N GENERAL de este Aviso Legal y Condiciones Generales de Uso.&nbsp;<\/p>\n\n\n<ol start=\"6\" class=\"eplus-wrapper wp-block-list eplus-styles-uid-802c7f\"><li><strong>ACCIONES LEGALES, LEGISLACI\u00d3N APLICABLE Y JURISDICCI\u00d3N\u00a0<\/strong><\/li><\/ol>\n\n\n<p class=\" eplus-wrapper\">AmbTu se reserva la facultad de presentar las acciones civiles o penales que considere necesarias por la utilizaci\u00f3n indebida del Sitio Web y Contenidos, o por el incumplimiento de las presentes Condiciones.&nbsp;<\/p>\n\n\n\n<p class=\" eplus-wrapper\">La relaci\u00f3n entre el Usuario y AmbTu se regir\u00e1 por la normativa vigente y aplicable al territorio espa\u00f1ol. De surgir cualquier controversia en relaci\u00f3n con la interpretaci\u00f3n y\/o la aplicaci\u00f3n de estas Condiciones las partes<strong> <\/strong>omitir\u00e1n sus conflictos a la jurisdicci\u00f3n ordinaria someti\u00e9ndose a los jueces y tribunales que correspondan conforme a derecho.<\/p>\n\n\n\n<p class=\" eplus-wrapper\">Este documento de Aviso Legal y Condiciones Generales de uso del sitio web ha sido creado mediante el generador de p<a href=\"https:\/\/textos-legales.edgartamarit.com\/\" target=\"_blank\" rel=\"noopener\">lantilla de aviso legal y condiciones de uso<\/a> online el d\u00eda 08\/04\/2022.<\/p>\n","protected":false},"excerpt":{"rendered":"<p>INFORMACI\u00d3N GENERAL\u00a0 En cumplimiento con el deber de informaci\u00f3n dispuesto en la Ley 34\/2002 de Servicios de la Sociedad de la Informaci\u00f3n y el Comercio Electr\u00f3nico (LSSI-CE) de 11 de julio, se facilitan a continuaci\u00f3n los datos de informaci\u00f3n general de este sitio web:&nbsp; La titularidad de este sitio web, www.ambtu.coop, (en adelante, Sitio Web) &#8230; <a title=\"Aviso legal y condiciones generales de uso\" class=\"read-more\" href=\"https:\/\/ambtu.coop\/es\/aviso-legal-y-condiciones-generales-de-uso\/\" aria-label=\"Leer m\u00e1s sobre Aviso legal y condiciones generales de uso\">Read more<\/a><\/p>\n","protected":false},"author":1,"featured_media":0,"parent":0,"menu_order":0,"comment_status":"closed","ping_status":"closed","template":"","meta":{"inline_featured_image":false,"editor_plus_copied_stylings":"{}","productId":0,"courseId":0,"footnotes":""},"class_list":{"0":"post-5327","1":"page","2":"type-page","3":"status-publish","5":"infinite-scroll-item"},"_links":{"self":[{"href":"https:\/\/ambtu.coop\/es\/wp-json\/wp\/v2\/pages\/5327","targetHints":{"allow":["GET"]}}],"collection":[{"href":"https:\/\/ambtu.coop\/es\/wp-json\/wp\/v2\/pages"}],"about":[{"href":"https:\/\/ambtu.coop\/es\/wp-json\/wp\/v2\/types\/page"}],"author":[{"embeddable":true,"href":"https:\/\/ambtu.coop\/es\/wp-json\/wp\/v2\/users\/1"}],"replies":[{"embeddable":true,"href":"https:\/\/ambtu.coop\/es\/wp-json\/wp\/v2\/comments?post=5327"}],"version-history":[{"count":2,"href":"https:\/\/ambtu.coop\/es\/wp-json\/wp\/v2\/pages\/5327\/revisions"}],"predecessor-version":[{"id":5331,"href":"https:\/\/ambtu.coop\/es\/wp-json\/wp\/v2\/pages\/5327\/revisions\/5331"}],"wp:attachment":[{"href":"https:\/\/ambtu.coop\/es\/wp-json\/wp\/v2\/media?parent=5327"}],"curies":[{"name":"wp","href":"https:\/\/api.w.org\/{rel}","templated":true}]}}