{"id":5334,"date":"2020-09-18T14:37:23","date_gmt":"2020-09-18T14:37:23","guid":{"rendered":"https:\/\/ambtu.coop\/contacte\/"},"modified":"2025-11-19T14:02:33","modified_gmt":"2025-11-19T14:02:33","slug":"contacto","status":"publish","type":"page","link":"https:\/\/ambtu.coop\/es\/contacto\/","title":{"rendered":"Contacto"},"content":{"rendered":"<div class=\"gb-container gb-container-36862eae\"><div class=\"gb-inside-container\">\n<div class=\"gb-grid-wrapper gb-grid-wrapper-629a5f8f\">\n<div class=\"gb-grid-column gb-grid-column-3687f5e1\"><div class=\"gb-container gb-container-3687f5e1\"><div class=\"gb-inside-container\">\n<div class=\"gb-container gb-container-1231efec\" id=\"ambtu\"><div class=\"gb-inside-container\">\n\n<p class=\"gb-headline gb-headline-d8888807\"><span class=\"gb-icon\"><svg xmlns=\"http:\/\/www.w3.org\/2000\/svg\" viewBox=\"0 0 36.7 3\"><path d=\"M0 0h36.7v3H0z\"><\/path><\/svg><\/span><\/p>\n\n\n\n<p class=\"gb-headline gb-headline-9c1f8406 gb-headline-text\">Nos encontrar\u00e1s en<\/p>\n\n<\/div><\/div>\n\n\n<figure class=\"gb-block-image gb-block-image-5cde4d90\"><a href=\"https:\/\/www.google.com\/maps\/place\/AmbTu\/@41.2587371,1.7685666,16z\/data=!4m5!3m4!1s0x0:0x8f5f35f94ff664e0!8m2!3d41.2592613!4d1.7713776\" target=\"_blank\" rel=\"noopener noreferrer\"><img fetchpriority=\"high\" decoding=\"async\" width=\"960\" height=\"540\" class=\"gb-image gb-image-5cde4d90\" src=\"https:\/\/ambtu.coop\/wp-content\/uploads\/2022\/06\/Disseny-sense-titol-2-1.jpg\" alt=\"\" title=\"Disseny-sense-titol-2-1\" srcset=\"https:\/\/ambtu.coop\/wp-content\/uploads\/2022\/06\/Disseny-sense-titol-2-1.jpg 960w, https:\/\/ambtu.coop\/wp-content\/uploads\/2022\/06\/Disseny-sense-titol-2-1-300x169.jpg 300w, https:\/\/ambtu.coop\/wp-content\/uploads\/2022\/06\/Disseny-sense-titol-2-1-768x432.jpg 768w\" sizes=\"(max-width: 960px) 100vw, 960px\" \/><\/a><\/figure>\n\n\n\n<div style=\"height:30px\" aria-hidden=\"true\" class=\" wp-block-spacer eplus-wrapper\"><\/div>\n\n\n<div class=\"gb-container gb-container-ee5d47f0\"><div class=\"gb-inside-container\">\n<div class=\"wp-block-columns are-vertically-aligned-center is-not-stacked-on-mobile eplus-wrapper is-layout-flex wp-container-core-columns-is-layout-9d6595d7 wp-block-columns-is-layout-flex eplus-styles-uid-4390a2\"><div class=\"wp-block-column is-vertically-aligned-center eplus-wrapper is-layout-flow wp-block-column-is-layout-flow eplus-styles-uid-49b1d4\" style=\"flex-basis:33.33%\">\n<figure class=\"gb-block-image gb-block-image-1bfc5b26\"><img decoding=\"async\" width=\"150\" height=\"150\" class=\"gb-image gb-image-1bfc5b26\" src=\"https:\/\/ambtu.coop\/wp-content\/uploads\/2022\/05\/Iconos-contacto-map-150x150.png\" alt=\"\" title=\"Iconos-contacto-map\" srcset=\"https:\/\/ambtu.coop\/wp-content\/uploads\/2022\/05\/Iconos-contacto-map-150x150.png 150w, https:\/\/ambtu.coop\/wp-content\/uploads\/2022\/05\/Iconos-contacto-map.png 300w\" sizes=\"(max-width: 150px) 100vw, 150px\"><\/figure>\n<\/div>\n\n<div class=\"wp-block-column is-vertically-aligned-center eplus-wrapper is-layout-flow wp-block-column-is-layout-flow eplus-styles-uid-e41a8d\" style=\"flex-basis:80%\">\n<p class=\"gb-headline gb-headline-0efc6611 gb-headline-text\"><strong>Oficina<\/strong>: C\/ Jaume Balmes 56, bajos,\u00a0 08810 Sant Pere de Ribes (Barcelona)<br><em>Horario de atenci\u00f3n: Lunes y mi\u00e9rcoles de 09:00 ha 14:00 h\u00a0<\/em><\/p>\n<\/div><\/div>\n\n<div class=\"wp-block-columns are-vertically-aligned-center is-not-stacked-on-mobile eplus-wrapper is-layout-flex wp-container-core-columns-is-layout-9d6595d7 wp-block-columns-is-layout-flex eplus-styles-uid-a23217\">\n<div class=\"wp-block-column is-vertically-aligned-center eplus-wrapper is-layout-flow wp-block-column-is-layout-flow\" style=\"flex-basis:33.33%\">\n<figure class=\"gb-block-image gb-block-image-21a5d945\"><img decoding=\"async\" width=\"150\" height=\"150\" class=\"gb-image gb-image-21a5d945\" src=\"https:\/\/ambtu.coop\/wp-content\/uploads\/2022\/05\/Iconos-contacto-telefono-150x150.png\" alt=\"\" title=\"Iconos-contacto-telefono\" srcset=\"https:\/\/ambtu.coop\/wp-content\/uploads\/2022\/05\/Iconos-contacto-telefono-150x150.png 150w, https:\/\/ambtu.coop\/wp-content\/uploads\/2022\/05\/Iconos-contacto-telefono.png 300w\" sizes=\"(max-width: 150px) 100vw, 150px\"><\/figure>\n<\/div>\n\n\n<div class=\"wp-block-column is-vertically-aligned-center eplus-wrapper is-layout-flow wp-block-column-is-layout-flow eplus-styles-uid-e41a8d\" style=\"flex-basis:80%\">\n<p class=\"gb-headline gb-headline-c08091fd gb-headline-text\"><a href=\"Tel:%2093%20232%2034%2023\"><strong><strong>Tel:<\/strong> 93 232 34 23<br><\/strong><\/a><em><em>Horario de atenci\u00f3n: Lunes y mi\u00e9rcoles de 09:00h a 14:00h<\/em><\/em><\/p>\n<\/div><\/div>\n\n<div class=\"wp-block-columns are-vertically-aligned-center is-not-stacked-on-mobile eplus-wrapper is-layout-flex wp-container-core-columns-is-layout-9d6595d7 wp-block-columns-is-layout-flex eplus-styles-uid-dd01e9\">\n<div class=\"wp-block-column is-vertically-aligned-center eplus-wrapper is-layout-flow wp-block-column-is-layout-flow\" style=\"flex-basis:33.33%\">\n<figure class=\"gb-block-image gb-block-image-07e15993\"><img loading=\"lazy\" decoding=\"async\" width=\"150\" height=\"150\" class=\"gb-image gb-image-07e15993\" src=\"https:\/\/ambtu.coop\/wp-content\/uploads\/2022\/05\/Iconos-contacto-mail-150x150.png\" alt=\"\" title=\"Iconos-contacto-mail\" srcset=\"https:\/\/ambtu.coop\/wp-content\/uploads\/2022\/05\/Iconos-contacto-mail-150x150.png 150w, https:\/\/ambtu.coop\/wp-content\/uploads\/2022\/05\/Iconos-contacto-mail.png 300w\" sizes=\"(max-width: 150px) 100vw, 150px\"><\/figure>\n<\/div>\n\n\n\n<div class=\"wp-block-column is-vertically-aligned-center eplus-wrapper is-layout-flow wp-block-column-is-layout-flow\" style=\"flex-basis:80%\">\n<p class=\"gb-headline gb-headline-eb8164b7 gb-headline-text\"><strong><strong><strong>E-mail: <\/strong> <a href=\"mailto:hola@ambtu.coop\">hola@ambtu.coop<\/a> <br><\/strong><\/strong><em><em><em>Un miembro de nuestro equipo responder\u00e1 en un m\u00e1ximo de 48h.<\/em><\/em><\/em><\/p>\n<\/div>\n<\/div>\n<\/div><\/div>\n\n\n<div style=\"height:20px\" aria-hidden=\"true\" class=\" wp-block-spacer eplus-wrapper\"><\/div>\n\n\n<div class=\"gb-button-wrapper gb-button-wrapper-365ac52c\">\n\n<a class=\"gb-button gb-button-d9d506f0\" href=\"https:\/\/www.linkedin.com\/company\/ambtu\/\" target=\"_blank\" rel=\"noopener noreferrer\"><span class=\"gb-icon\"><svg xmlns=\"http:\/\/www.w3.org\/2000\/svg\" aria-hidden=\"true\" height=\"1em\" width=\"1em\" viewBox=\"0 0 448 512\"><path fill=\"currentColor\" d=\"M100.28 448H7.4V148.9h92.88zM53.79 108.1C24.09 108.1 0 83.5 0 53.8a53.79 53.79 0 0 1 107.58 0c0 29.7-24.1 54.3-53.79 54.3zM447.9 448h-92.68V302.4c0-34.7-.7-79.2-48.29-79.2-48.29 0-55.69 37.7-55.69 76.7V448h-92.78V148.9h89.08v40.8h1.3c12.4-23.5 42.69-48.3 87.88-48.3 94 0 111.28 61.9 111.28 142.3V448z\"><\/path><\/svg><\/span><\/a>\n\n\n\n<a class=\"gb-button gb-button-52c4a246\" href=\"https:\/\/twitter.com\/AmbTuCoop\" target=\"_blank\" rel=\"noopener noreferrer\"><span class=\"gb-icon\"><svg xmlns=\"http:\/\/www.w3.org\/2000\/svg\" aria-hidden=\"true\" height=\"1em\" width=\"1em\" viewBox=\"0 0 512 512\"><path fill=\"currentColor\" d=\"M459.37 151.716c.325 4.548.325 9.097.325 13.645 0 138.72-105.583 298.558-298.558 298.558-59.452 0-114.68-17.219-161.137-47.106 8.447.974 16.568 1.299 25.34 1.299 49.055 0 94.213-16.568 130.274-44.832-46.132-.975-84.792-31.188-98.112-72.772 6.498.974 12.995 1.624 19.818 1.624 9.421 0 18.843-1.3 27.614-3.573-48.081-9.747-84.143-51.98-84.143-102.985v-1.299c13.969 7.797 30.214 12.67 47.431 13.319-28.264-18.843-46.781-51.005-46.781-87.391 0-19.492 5.197-37.36 14.294-52.954 51.655 63.675 129.3 105.258 216.365 109.807-1.624-7.797-2.599-15.918-2.599-24.04 0-57.828 46.782-104.934 104.934-104.934 30.213 0 57.502 12.67 76.67 33.137 23.715-4.548 46.456-13.32 66.599-25.34-7.798 24.366-24.366 44.833-46.132 57.827 21.117-2.273 41.584-8.122 60.426-16.243-14.292 20.791-32.161 39.308-52.628 54.253z\"><\/path><\/svg><\/span><\/a>\n\n<\/div>\n<\/div><\/div><\/div>\n\n<div class=\"gb-grid-column gb-grid-column-bcf9f1d9\"><div class=\"gb-container gb-container-bcf9f1d9\"><div class=\"gb-inside-container\">\n\n<div class=\"wpcf7 no-js\" id=\"wpcf7-f5400-o1\" lang=\"en-US\" dir=\"ltr\" data-wpcf7-id=\"5400\">\n<div class=\"screen-reader-response\"><p role=\"status\" aria-live=\"polite\" aria-atomic=\"true\"><\/p> <ul><\/ul><\/div>\n<form action=\"\/es\/wp-json\/wp\/v2\/pages\/5334#wpcf7-f5400-o1\" method=\"post\" class=\"wpcf7-form init\" aria-label=\"Contact form\" novalidate=\"novalidate\" data-status=\"init\">\n<fieldset class=\"hidden-fields-container\"><input type=\"hidden\" name=\"_wpcf7\" value=\"5400\" \/><input type=\"hidden\" name=\"_wpcf7_version\" value=\"6.1.5\" \/><input type=\"hidden\" name=\"_wpcf7_locale\" value=\"en_US\" \/><input type=\"hidden\" name=\"_wpcf7_unit_tag\" value=\"wpcf7-f5400-o1\" \/><input type=\"hidden\" name=\"_wpcf7_container_post\" value=\"0\" \/><input type=\"hidden\" name=\"_wpcf7_posted_data_hash\" value=\"\" \/>\n<\/fieldset>\n<p><label> Nombre<br \/>\n<span class=\"wpcf7-form-control-wrap\" data-name=\"your-name\"><input size=\"40\" maxlength=\"400\" class=\"wpcf7-form-control wpcf7-text wpcf7-validates-as-required\" aria-required=\"true\" aria-invalid=\"false\" value=\"\" type=\"text\" name=\"your-name\" \/><\/span> <\/label>\n<\/p>\n<p><label> Correo electr\u00f3nico<br \/>\n<span class=\"wpcf7-form-control-wrap\" data-name=\"your-email\"><input size=\"40\" maxlength=\"400\" class=\"wpcf7-form-control wpcf7-email wpcf7-validates-as-required wpcf7-text wpcf7-validates-as-email\" aria-required=\"true\" aria-invalid=\"false\" value=\"\" type=\"email\" name=\"your-email\" \/><\/span> <\/label>\n<\/p>\n<p><label> Concepto<br \/>\n<span class=\"wpcf7-form-control-wrap\" data-name=\"your-subject\"><input size=\"40\" maxlength=\"400\" class=\"wpcf7-form-control wpcf7-text wpcf7-validates-as-required\" aria-required=\"true\" aria-invalid=\"false\" value=\"\" type=\"text\" name=\"your-subject\" \/><\/span> <\/label>\n<\/p>\n<p><label> Mensaje<br \/>\n<span class=\"wpcf7-form-control-wrap\" data-name=\"your-message\"><textarea cols=\"40\" rows=\"10\" maxlength=\"2000\" class=\"wpcf7-form-control wpcf7-textarea wpcf7-validates-as-required\" aria-required=\"true\" aria-invalid=\"false\" name=\"your-message\"><\/textarea><\/span> <\/label>\n<\/p>\n<p><span class=\"wpcf7-form-control-wrap\" data-name=\"acceptance-918\"><span class=\"wpcf7-form-control wpcf7-acceptance\"><span class=\"wpcf7-list-item\"><label><input type=\"checkbox\" name=\"acceptance-918\" value=\"1\" aria-invalid=\"false\" \/><span class=\"wpcf7-list-item-label\">Consiento el tratamiento de mis datos. AMBTU tratar\u00e1 sus datos con el fin de contestar sus consultas, dudas o reclamaciones. Puede ejercer sus derechos de acceso, rectificaci\u00f3n, supresi\u00f3n, portabilidad, limitaci\u00f3n y oposici\u00f3n, como le informamos en nuestra <u><a href=\"\\es\\politica-de-privacidad\">Pol\u00edtica de Privacidad<\/a><\/u><\/span><\/label><\/span><\/span><\/span><br \/>\n<div id=\"cf7sr-69de9c458c744\" class=\"cf7sr-g-recaptcha\" data-theme=\"light\" data-type=\"image\" data-size=\"normal\" data-sitekey=\"6LcSdwQgAAAAAAZo4DPEig1M-XIefR5AxRpfieH8\"><\/div><span class=\"wpcf7-form-control-wrap cf7sr-recaptcha\" data-name=\"cf7sr-recaptcha\"><input type=\"hidden\" name=\"cf7sr-recaptcha\" value=\"\" class=\"wpcf7-form-control\"><\/span>\n<\/p>\n<p><input class=\"wpcf7-form-control wpcf7-submit has-spinner\" type=\"submit\" value=\"Enviar\" \/>\n<\/p><div class=\"wpcf7-response-output\" aria-hidden=\"true\"><\/div>\n<\/form>\n<\/div>\n\n\n<\/div><\/div><\/div>\n<\/div>\n<\/div><\/div>","protected":false},"excerpt":{"rendered":"","protected":false},"author":1,"featured_media":0,"parent":0,"menu_order":0,"comment_status":"closed","ping_status":"closed","template":"","meta":{"inline_featured_image":false,"editor_plus_copied_stylings":"{}","productId":0,"courseId":0,"footnotes":""},"class_list":{"0":"post-5334","1":"page","2":"type-page","3":"status-publish","5":"infinite-scroll-item"},"_links":{"self":[{"href":"https:\/\/ambtu.coop\/es\/wp-json\/wp\/v2\/pages\/5334","targetHints":{"allow":["GET"]}}],"collection":[{"href":"https:\/\/ambtu.coop\/es\/wp-json\/wp\/v2\/pages"}],"about":[{"href":"https:\/\/ambtu.coop\/es\/wp-json\/wp\/v2\/types\/page"}],"author":[{"embeddable":true,"href":"https:\/\/ambtu.coop\/es\/wp-json\/wp\/v2\/users\/1"}],"replies":[{"embeddable":true,"href":"https:\/\/ambtu.coop\/es\/wp-json\/wp\/v2\/comments?post=5334"}],"version-history":[{"count":10,"href":"https:\/\/ambtu.coop\/es\/wp-json\/wp\/v2\/pages\/5334\/revisions"}],"predecessor-version":[{"id":7574,"href":"https:\/\/ambtu.coop\/es\/wp-json\/wp\/v2\/pages\/5334\/revisions\/7574"}],"wp:attachment":[{"href":"https:\/\/ambtu.coop\/es\/wp-json\/wp\/v2\/media?parent=5334"}],"curies":[{"name":"wp","href":"https:\/\/api.w.org\/{rel}","templated":true}]}}