{"id":5341,"date":"2020-09-18T14:36:50","date_gmt":"2020-09-18T14:36:50","guid":{"rendered":"https:\/\/ambtu.coop\/equip\/"},"modified":"2026-04-13T18:00:21","modified_gmt":"2026-04-13T18:00:21","slug":"equipo","status":"publish","type":"page","link":"https:\/\/ambtu.coop\/es\/equipo\/","title":{"rendered":"Equipo"},"content":{"rendered":"<div class=\"gb-container gb-container-351d31aa\"><div class=\"gb-inside-container\">\n<div class=\"gb-container gb-container-e89c45e8\" id=\"equip-compromes\"><div class=\"gb-inside-container\">\n\n<p class=\"gb-headline gb-headline-ababf9c0\"><span class=\"gb-icon\"><svg xmlns=\"https:\/\/www.w3.org\/2000\/svg\" viewbox=\"0 0 36.7 3\"><path d=\"M0 0h36.7v3H0z\"><\/path><\/svg><\/span><\/p>\n\n\n\n<p class=\"gb-headline gb-headline-7693f919 gb-headline-text\">Un equipo comprometido<\/p>\n\n<\/div><\/div>\n\n<div class=\"gb-container gb-container-c243e9ad\"><div class=\"gb-inside-container\">\n<p class=\" eplus-wrapper eplus-styles-uid-e7c803\">El equipo de <strong>AmbTu<\/strong> est\u00e1 formado por profesionales polivalentes en el \u00e1mbito de las ciencias sociales, las finanzas y la sociolog\u00eda, altamente especializados en la planificaci\u00f3n, captaci\u00f3n y gesti\u00f3n de recursos p\u00fablicos y privados. Compartimos la motivaci\u00f3n y el objetivo de aumentar el impacto de aquellos proyectos que aportan valor a nuestros clientes y a la sociedad. Compartimos la motivaci\u00f3n y el objetivo de aumentar el impacto de aquellos proyectos que aportan valor a nuestros clientes y a la sociedad.<\/p>\n<\/div><\/div>\n<\/div><\/div><div class=\"gb-container gb-container-1bdeec8b\"><div class=\"gb-inside-container\">\n<div class=\"gb-grid-wrapper gb-grid-wrapper-02e103e6\">\n<div class=\"gb-grid-column gb-grid-column-9d34a979\"><div class=\"gb-container gb-container-9d34a979\"><div class=\"gb-inside-container\">\n\n<figure class=\"gb-block-image gb-block-image-638829a7\"><img fetchpriority=\"high\" decoding=\"async\" width=\"1080\" height=\"1080\" class=\"gb-image gb-image-638829a7 is-style-default\" src=\"https:\/\/ambtu.coop\/wp-content\/uploads\/2026\/01\/equip-proposits.png\" alt=\"\" title=\"equipo prop\u00f3sitos\" srcset=\"https:\/\/ambtu.coop\/wp-content\/uploads\/2026\/01\/equip-proposits.png 1080w, https:\/\/ambtu.coop\/wp-content\/uploads\/2026\/01\/equip-proposits-300x300.png 300w, https:\/\/ambtu.coop\/wp-content\/uploads\/2026\/01\/equip-proposits-1024x1024.png 1024w, https:\/\/ambtu.coop\/wp-content\/uploads\/2026\/01\/equip-proposits-150x150.png 150w, https:\/\/ambtu.coop\/wp-content\/uploads\/2026\/01\/equip-proposits-768x768.png 768w, https:\/\/ambtu.coop\/wp-content\/uploads\/2026\/01\/equip-proposits-600x600.png 600w, https:\/\/ambtu.coop\/wp-content\/uploads\/2026\/01\/equip-proposits-100x100.png 100w\" sizes=\"(max-width: 1080px) 100vw, 1080px\" \/><\/figure>\n\n<\/div><\/div><\/div>\n\n<div class=\"gb-grid-column gb-grid-column-1e789d4e\"><div class=\"gb-container gb-container-1e789d4e\"><div class=\"gb-inside-container\">\n\n<p class=\"gb-headline gb-headline-29613722 gb-headline-text\"><strong>La historia<\/strong><\/p>\n\n\n<p class=\" eplus-wrapper eplus-styles-uid-e7c803\">Despu\u00e9s de muchos a\u00f1os de recorrido en el \u00e1mbito de la ESS, las personas socias cofundadoras de AmbTu detectan una gran necesidad y demanda en este sector, especialmente por parte de las personas emprendedoras: contar con un apoyo, un acompa\u00f1amiento y una formaci\u00f3n adaptada a sus necesidades que les permitan conseguir m\u00e1s recursos econ\u00f3micos para aumentar el impacto social de sus proyectos y actividades y, a la vez, que les ayuden a realizar una mejor gesti\u00f3n de los recursos obtenidos. Fruto de la ilusi\u00f3n y motivaci\u00f3n personal de transformar la sociedad hacia un modelo econ\u00f3mico m\u00e1s justo, m\u00e1s solidario y m\u00e1s sostenible, en agosto del 2020, en plena pandemia COVID-19, nace la cooperativa AmbTu.<\/p>\n<\/div><\/div><\/div>\n<\/div>\n<\/div><\/div><div class=\"gb-container gb-container-477d6ec8\"><div class=\"gb-inside-container\">\n<div class=\"gb-container gb-container-f2a1c795\" id=\"coneix-equip\"><div class=\"gb-inside-container\">\n\n<p class=\"gb-headline gb-headline-96638b72\"><span class=\"gb-icon\"><svg xmlns=\"https:\/\/www.w3.org\/2000\/svg\" viewbox=\"0 0 36.7 3\"><path d=\"M0 0h36.7v3H0z\"><\/path><\/svg><\/span><\/p>\n\n\n\n<p class=\"gb-headline gb-headline-26eb4795 gb-headline-text\">Conoce nuestro equipo<\/p>\n\n<\/div><\/div>\n\n<div class=\"gb-grid-wrapper gb-grid-wrapper-f936ab9e\">\n<div class=\"gb-grid-column gb-grid-column-8457b168\"><div class=\"gb-container gb-container-8457b168\"><div class=\"gb-inside-container\">\n\n<figure class=\"gb-block-image gb-block-image-34dcb0a1\"><img decoding=\"async\" width=\"730\" height=\"744\" class=\"gb-image gb-image-34dcb0a1 rounded-corners img is-style-rounded\" src=\"https:\/\/ambtu.coop\/wp-content\/uploads\/2024\/11\/Captura-de-pantalla-2024-11-13-a-las-10.50.46.png\" alt=\"\" title=\"Captura de pantalla 2024-11-13 a las 10.50.46\" srcset=\"https:\/\/ambtu.coop\/wp-content\/uploads\/2024\/11\/Captura-de-pantalla-2024-11-13-a-las-10.50.46.png 730w, https:\/\/ambtu.coop\/wp-content\/uploads\/2024\/11\/Captura-de-pantalla-2024-11-13-a-las-10.50.46-294x300.png 294w, https:\/\/ambtu.coop\/wp-content\/uploads\/2024\/11\/Captura-de-pantalla-2024-11-13-a-las-10.50.46-600x612.png 600w\" sizes=\"(max-width: 730px) 100vw, 730px\" \/><\/figure>\n\n\n\n<p class=\" eplus-wrapper\"><\/p>\n\n\n\n<p class=\"gb-headline gb-headline-33244fff gb-headline-text\"><strong><mark style=\"background-color:rgba(0, 0, 0, 0);color:#dbbf00\" class=\"has-inline-color\">Rebeca<\/mark> Segura Alonso<\/strong><\/p>\n\n\n\n<p class=\"gb-headline gb-headline-98f13fa8 gb-headline-text\"><em>Socia cofundadora. Consultora de proyectos y estrategia<\/em>.<br><a href=\"mailto:rebeca@ambtu.coop\">rebeca@ambtu.coop<\/a><\/p>\n\n\n<p class=\" eplus-wrapper eplus-styles-uid-99c3e0\">Licenciada en Periodismo en la UAB, con un Postgrado de Direcci\u00f3n y Gesti\u00f3n de Entidades no Lucrativas en la UOC. . Despu\u00e9s de trabajar durante 9 a\u00f1os en varios medios de comunicaci\u00f3n, desde 2011 trabaja en el sector de la econom\u00eda social y solidaria, impulsando y coordinando entidades y equipos de este \u00e1mbito. En su trayectoria se ha especializado en la captaci\u00f3n y gesti\u00f3n de fondos para el desarrollo de proyectos de cooperaci\u00f3n internacional, educaci\u00f3n para el desarrollo, inserci\u00f3n sociolaboral, acci\u00f3n comunitaria y econom\u00eda social, as\u00ed como en la definici\u00f3n y estrategia de proyectos con impacto social. <\/p>\n\n\n<a class=\"gb-button gb-button-97a1abff\" href=\"https:\/\/www.linkedin.com\/in\/rebeca-segura-alonso-a959652b4\/\" target=\"_blank\" rel=\"noopener noreferrer\"><span class=\"gb-icon\"><svg xmlns=\"https:\/\/www.w3.org\/2000\/svg\" aria-hidden=\"true\" height=\"1em\" width=\"1em\" viewbox=\"0 0 448 512\"><path fill=\"currentColor\" d=\"M100.28 448H7.4V148.9h92.88zM53.79 108.1C24.09 108.1 0 83.5 0 53.8a53.79 53.79 0 0 1 107.58 0c0 29.7-24.1 54.3-53.79 54.3zM447.9 448h-92.68V302.4c0-34.7-.7-79.2-48.29-79.2-48.29 0-55.69 37.7-55.69 76.7V448h-92.78V148.9h89.08v40.8h1.3c12.4-23.5 42.69-48.3 87.88-48.3 94 0 111.28 61.9 111.28 142.3V448z\"><\/path><\/svg><\/span><\/a>\n\n<\/div><\/div><\/div>\n\n<div class=\"gb-grid-column gb-grid-column-8e8cc5d8\"><div class=\"gb-container gb-container-8e8cc5d8\"><div class=\"gb-inside-container\">\n\n<figure class=\"gb-block-image gb-block-image-885a10a1\"><img decoding=\"async\" width=\"714\" height=\"720\" class=\"gb-image gb-image-885a10a1 rounded-corners img is-style-rounded\" src=\"https:\/\/ambtu.coop\/wp-content\/uploads\/2024\/11\/Captura-de-pantalla-2024-11-13-a-las-11.04.28.png\" alt=\"\" title=\"Captura de pantalla 2024-11-13 a las 11.04.28\" srcset=\"https:\/\/ambtu.coop\/wp-content\/uploads\/2024\/11\/Captura-de-pantalla-2024-11-13-a-las-11.04.28.png 714w, https:\/\/ambtu.coop\/wp-content\/uploads\/2024\/11\/Captura-de-pantalla-2024-11-13-a-las-11.04.28-298x300.png 298w, https:\/\/ambtu.coop\/wp-content\/uploads\/2024\/11\/Captura-de-pantalla-2024-11-13-a-las-11.04.28-150x150.png 150w, https:\/\/ambtu.coop\/wp-content\/uploads\/2024\/11\/Captura-de-pantalla-2024-11-13-a-las-11.04.28-600x605.png 600w, https:\/\/ambtu.coop\/wp-content\/uploads\/2024\/11\/Captura-de-pantalla-2024-11-13-a-las-11.04.28-100x100.png 100w\" sizes=\"(max-width: 714px) 100vw, 714px\" \/><\/figure>\n\n\n\n<p class=\" eplus-wrapper\"><\/p>\n\n\n\n<p class=\"gb-headline gb-headline-b27d2c40 gb-headline-text\"><strong><mark style=\"background-color:rgba(0, 0, 0, 0);color:#dbbf00\" class=\"has-inline-color\">Albert<\/mark> Mora Paretas<\/strong><\/p>\n\n\n\n<p class=\"gb-headline gb-headline-b80fae23 gb-headline-text\"><em><em>Socio cofundador. Consultor econ\u00f3mico-financiero.<\/em><\/em><br><a href=\"mailto:albert@ambtu.coop\">albert@ambtu.coop<\/a><\/p>\n\n\n<p class=\" eplus-wrapper eplus-styles-uid-99c3e0\">Licenciado en Derecho con premio extraordinario por la UAB, con un M\u00e1ster en Asesor\u00eda y gesti\u00f3n tributaria en ESADE y un M\u00e1ster de Econom\u00eda agroalimentaria y del medio ambiente en la UPV. Lleva desde el a\u00f1o 2008 trabajando en el \u00e1mbito econ\u00f3mico financiero y, en especial, en contabilidad y fiscalidad. Despu\u00e9s de trabajar 7 a\u00f1os en asesor\u00eda fiscal y contable en una multinacional, lleva desde el 2015 especializado en la gesti\u00f3n y coordinaci\u00f3n de proyectos de econom\u00eda social y del sector agroalimentario.<\/p>\n\n<div class=\"gb-button-wrapper gb-button-wrapper-440108b5\">\n\n<a class=\"gb-button gb-button-7ae837df\" href=\"https:\/\/www.linkedin.com\/in\/albert-mora-paretas-2a916167\/\" target=\"_blank\" rel=\"noopener noreferrer\"><span class=\"gb-icon\"><svg xmlns=\"https:\/\/www.w3.org\/2000\/svg\" aria-hidden=\"true\" height=\"1em\" width=\"1em\" viewbox=\"0 0 448 512\"><path fill=\"currentColor\" d=\"M100.28 448H7.4V148.9h92.88zM53.79 108.1C24.09 108.1 0 83.5 0 53.8a53.79 53.79 0 0 1 107.58 0c0 29.7-24.1 54.3-53.79 54.3zM447.9 448h-92.68V302.4c0-34.7-.7-79.2-48.29-79.2-48.29 0-55.69 37.7-55.69 76.7V448h-92.78V148.9h89.08v40.8h1.3c12.4-23.5 42.69-48.3 87.88-48.3 94 0 111.28 61.9 111.28 142.3V448z\"><\/path><\/svg><\/span><\/a>\n\n<\/div>\n\n\n<p class=\" eplus-wrapper\"><\/p>\n\n<\/div><\/div><\/div>\n\n<div class=\"gb-grid-column gb-grid-column-e7936bc4\"><div class=\"gb-container gb-container-e7936bc4\"><div class=\"gb-inside-container\">\n\n<figure class=\"gb-block-image gb-block-image-77f846cf\"><img loading=\"lazy\" decoding=\"async\" width=\"706\" height=\"718\" class=\"gb-image gb-image-77f846cf rounded-corners img is-style-rounded\" src=\"https:\/\/ambtu.coop\/wp-content\/uploads\/2024\/11\/Captura-de-pantalla-2024-11-13-a-las-11.08.51.png\" alt=\"\" title=\"Captura de pantalla 2024-11-13 a las 11.08.51\" srcset=\"https:\/\/ambtu.coop\/wp-content\/uploads\/2024\/11\/Captura-de-pantalla-2024-11-13-a-las-11.08.51.png 706w, https:\/\/ambtu.coop\/wp-content\/uploads\/2024\/11\/Captura-de-pantalla-2024-11-13-a-las-11.08.51-295x300.png 295w, https:\/\/ambtu.coop\/wp-content\/uploads\/2024\/11\/Captura-de-pantalla-2024-11-13-a-las-11.08.51-600x610.png 600w\" sizes=\"(max-width: 706px) 100vw, 706px\" \/><\/figure>\n\n\n\n<p class=\" eplus-wrapper\"><\/p>\n\n\n\n<p class=\"gb-headline gb-headline-7344bd30 gb-headline-text\"><strong><mark style=\"background-color:rgba(0, 0, 0, 0);color:#dbbf00\" class=\"has-inline-color\">Karen<\/mark> Gutierrez Gonzales<\/strong><\/p>\n\n\n\n<p class=\"gb-headline gb-headline-88d49739 gb-headline-text\"><em>Socia<\/em>. <em><em>T\u00e9cnica administrativa.<\/em><\/em><br><br><a href=\"mailto:admin@ambtu.coop\">admin@ambtu.coop<\/a><\/p>\n\n\n<p class=\" eplus-wrapper eplus-styles-uid-99c3e0\">Con estudios de formaci\u00f3n profesional de Grado Medio de Comercio y Marketing en el IES Proven\u00e7ana de Hospitalet de Llobregat. A trav\u00e9s del programa 30 Plus (+), lleg\u00f3 a AmbTu donde descubri\u00f3 el tercer sector, el cooperativismo y el ESS y encontr\u00f3 un sitio que encajaba con sus valores. Cuenta con experiencia laboral en el \u00e1mbito de servicio y atenci\u00f3n al p\u00fablico, as\u00ed como en administraci\u00f3n y contabilidad. Desde 2021, se ha especializado en AmbTu en la investigaci\u00f3n y gesti\u00f3n de subvenciones.<\/p>\n\n\n<a class=\"gb-button gb-button-d40d1162\" href=\"https:\/\/www.linkedin.com\/in\/karen-guti%C3%A9rrez-25434b2b4\/\" target=\"_blank\" rel=\"noopener noreferrer\"><span class=\"gb-icon\"><svg xmlns=\"https:\/\/www.w3.org\/2000\/svg\" aria-hidden=\"true\" height=\"1em\" width=\"1em\" viewbox=\"0 0 448 512\"><path fill=\"currentColor\" d=\"M100.28 448H7.4V148.9h92.88zM53.79 108.1C24.09 108.1 0 83.5 0 53.8a53.79 53.79 0 0 1 107.58 0c0 29.7-24.1 54.3-53.79 54.3zM447.9 448h-92.68V302.4c0-34.7-.7-79.2-48.29-79.2-48.29 0-55.69 37.7-55.69 76.7V448h-92.78V148.9h89.08v40.8h1.3c12.4-23.5 42.69-48.3 87.88-48.3 94 0 111.28 61.9 111.28 142.3V448z\"><\/path><\/svg><\/span><\/a>\n\n<\/div><\/div><\/div>\n\n<div class=\"gb-grid-column gb-grid-column-cac76644\"><div class=\"gb-container gb-container-cac76644\"><div class=\"gb-inside-container\">\n\n<figure class=\"gb-block-image gb-block-image-e4e103b9\"><img loading=\"lazy\" decoding=\"async\" width=\"726\" height=\"728\" class=\"gb-image gb-image-e4e103b9 rounded-corners img is-style-rounded\" src=\"https:\/\/ambtu.coop\/wp-content\/uploads\/2024\/11\/Captura-de-pantalla-2024-11-13-a-las-11.04.54.png\" alt=\"\" title=\"Captura de pantalla 2024-11-13 a las 11.04.54\" srcset=\"https:\/\/ambtu.coop\/wp-content\/uploads\/2024\/11\/Captura-de-pantalla-2024-11-13-a-las-11.04.54.png 726w, https:\/\/ambtu.coop\/wp-content\/uploads\/2024\/11\/Captura-de-pantalla-2024-11-13-a-las-11.04.54-300x300.png 300w, https:\/\/ambtu.coop\/wp-content\/uploads\/2024\/11\/Captura-de-pantalla-2024-11-13-a-las-11.04.54-150x150.png 150w, https:\/\/ambtu.coop\/wp-content\/uploads\/2024\/11\/Captura-de-pantalla-2024-11-13-a-las-11.04.54-600x602.png 600w, https:\/\/ambtu.coop\/wp-content\/uploads\/2024\/11\/Captura-de-pantalla-2024-11-13-a-las-11.04.54-100x100.png 100w\" sizes=\"(max-width: 726px) 100vw, 726px\" \/><\/figure>\n\n\n\n<p class=\" eplus-wrapper\"><\/p>\n\n\n\n<p class=\"gb-headline gb-headline-5c3cf425 gb-headline-text\"><strong><mark style=\"background-color:rgba(0, 0, 0, 0);color:#dbbf00\" class=\"has-inline-color\">Lina<\/mark> Ram\u00edrez Monsalve<\/strong><\/p>\n\n\n\n<p class=\"gb-headline gb-headline-82738811 gb-headline-text\"><em>Socia<\/em>. <em><em>Consultora de projectos.<\/em><\/em><br><br><a href=\"mailto:lina@ambtu.coop\">lina@ambtu.coop<\/a><\/p>\n\n\n<p class=\" eplus-wrapper eplus-styles-uid-99c3e0\">Licenciada en Antropolog\u00eda e Historia en la Universidad de Los Andes de Colombia, con un posgrado en Gesti\u00f3n Cultural en la UB. Tiene una larga experiencia en la dinamizaci\u00f3n del territorio, sobre todo en proyectos municipales de car\u00e1cter cultural, art\u00edstico y comunitario en diversos barrios de Barcelona y su \u00e1rea metropolitana. Trabaja desde 2018 en la gesti\u00f3n de proyectos cooperativos. Se incorpora en 2022 a AmbTu y se especializa en el acompa\u00f1amiento a proyectos sociales, planificaci\u00f3n, investigaci\u00f3n y gesti\u00f3n de subvenciones, procesos de licitaci\u00f3n p\u00fablica, as\u00ed como procesos relacionados con la gobernanza y los cuidados de las entidades.  <br><br><\/p>\n\n\n<p class=\" eplus-wrapper\"><\/p>\n\n<\/div><\/div><\/div>\n\n<div class=\"gb-grid-column gb-grid-column-ee3e9dfc\"><div class=\"gb-container gb-container-ee3e9dfc\"><div class=\"gb-inside-container\">\n\n<figure class=\"gb-block-image gb-block-image-abf8d0af\"><img loading=\"lazy\" decoding=\"async\" width=\"720\" height=\"710\" class=\"gb-image gb-image-abf8d0af rounded-corners img is-style-rounded\" src=\"https:\/\/ambtu.coop\/wp-content\/uploads\/2024\/11\/Captura-de-pantalla-2024-11-13-a-las-11.05.07.png\" alt=\"\" title=\"Captura de pantalla 2024-11-13 a las 11.05.07\" srcset=\"https:\/\/ambtu.coop\/wp-content\/uploads\/2024\/11\/Captura-de-pantalla-2024-11-13-a-las-11.05.07.png 720w, https:\/\/ambtu.coop\/wp-content\/uploads\/2024\/11\/Captura-de-pantalla-2024-11-13-a-las-11.05.07-300x296.png 300w, https:\/\/ambtu.coop\/wp-content\/uploads\/2024\/11\/Captura-de-pantalla-2024-11-13-a-las-11.05.07-600x592.png 600w, https:\/\/ambtu.coop\/wp-content\/uploads\/2024\/11\/Captura-de-pantalla-2024-11-13-a-las-11.05.07-100x100.png 100w\" sizes=\"(max-width: 720px) 100vw, 720px\" \/><\/figure>\n\n\n\n<p class=\" eplus-wrapper\"><\/p>\n\n\n\n<p class=\"gb-headline gb-headline-f168cb74 gb-headline-text\"><strong><mark style=\"background-color:rgba(0, 0, 0, 0);color:#dbbf00\" class=\"has-inline-color\">Alessia <\/mark>Palermo<\/strong><\/p>\n\n\n\n<p class=\"gb-headline gb-headline-781929d9 gb-headline-text\"><em>Socia<\/em>. <em><em>Consultora de proyectos.<\/em><\/em><\/p>\n\n\n\n<p class=\"gb-headline gb-headline-3d60951f gb-headline-text\"><a href=\"mailto:alessia@ambtu.coop\">alessia@ambtu.coop<\/a><\/p>\n\n\n<p class=\" eplus-wrapper eplus-styles-uid-99c3e0\">Licenciada en Psicolog\u00eda por la Universidad de Padua, M\u00e1ster en Psicolog\u00eda Social, del Trabajo y de la Comunicaci\u00f3n. Desde 2020 acumula experiencia en la gesti\u00f3n de proyectos, a trav\u00e9s de la coordinaci\u00f3n y colaboraci\u00f3n en numerosos proyectos europeos. Especializada en la coordinaci\u00f3n y seguimiento de proyectos, acompa\u00f1ando el proceso de redacci\u00f3n, solicitud e implementaci\u00f3n de proyectos, en el desarrollo de cursos de formaci\u00f3n para diferentes destinatarios vulnerables (j\u00f3venes en riesgo de exclusi\u00f3n, personas con discapacidad, personas en paro, cuidadores), realizando cursos de formaci\u00f3n, coaching y educaci\u00f3n.<br>  <\/p>\n\n<div class=\"gb-button-wrapper gb-button-wrapper-c1059e3b\">\n\n<a class=\"gb-button gb-button-0d508f8a\" href=\"https:\/\/www.linkedin.com\/in\/alessia-palermo-78030915b?utm_source=share&amp;utm_campaign=share_via&amp;utm_content=profile&amp;utm_medium=ios_app\" target=\"_blank\" rel=\"noopener noreferrer\"><span class=\"gb-icon\"><svg xmlns=\"https:\/\/www.w3.org\/2000\/svg\" aria-hidden=\"true\" height=\"1em\" width=\"1em\" viewbox=\"0 0 448 512\"><path fill=\"currentColor\" d=\"M100.28 448H7.4V148.9h92.88zM53.79 108.1C24.09 108.1 0 83.5 0 53.8a53.79 53.79 0 0 1 107.58 0c0 29.7-24.1 54.3-53.79 54.3zM447.9 448h-92.68V302.4c0-34.7-.7-79.2-48.29-79.2-48.29 0-55.69 37.7-55.69 76.7V448h-92.78V148.9h89.08v40.8h1.3c12.4-23.5 42.69-48.3 87.88-48.3 94 0 111.28 61.9 111.28 142.3V448z\"><\/path><\/svg><\/span><\/a>\n\n<\/div>\n\n\n<p class=\" eplus-wrapper\"><\/p>\n\n<\/div><\/div><\/div>\n\n<div class=\"gb-grid-column gb-grid-column-2b952cb3\"><div class=\"gb-container gb-container-2b952cb3\"><div class=\"gb-inside-container\">\n\n<figure class=\"gb-block-image gb-block-image-84d2dd9d\"><img loading=\"lazy\" decoding=\"async\" width=\"720\" height=\"710\" class=\"gb-image gb-image-84d2dd9d rounded-corners img is-style-rounded\" src=\"https:\/\/ambtu.coop\/wp-content\/uploads\/2026\/01\/Paula-Prats.png\" alt=\"\" title=\"Paula Prats\" srcset=\"https:\/\/ambtu.coop\/wp-content\/uploads\/2026\/01\/Paula-Prats.png 720w, https:\/\/ambtu.coop\/wp-content\/uploads\/2026\/01\/Paula-Prats-300x296.png 300w, https:\/\/ambtu.coop\/wp-content\/uploads\/2026\/01\/Paula-Prats-600x592.png 600w, https:\/\/ambtu.coop\/wp-content\/uploads\/2026\/01\/Paula-Prats-100x100.png 100w\" sizes=\"(max-width: 720px) 100vw, 720px\" \/><\/figure>\n\n\n\n<p class=\" eplus-wrapper\"><\/p>\n\n\n\n<p class=\"gb-headline gb-headline-edee6851 gb-headline-text\"><strong>Paula Prats F\u00edsico<\/strong><\/p>\n\n\n\n<p class=\"gb-headline gb-headline-bb3bb224 gb-headline-text\"><em>T\u00e9cnica econ\u00f3mico-financiera.<\/em><\/p>\n\n\n\n<p class=\"gb-headline gb-headline-ebdec20a gb-headline-text\"><a href=\"mailto:paula.p@ambtu.coop\">paula.p@ambtu.coop<\/a><\/p>\n\n\n<p class=\" eplus-wrapper eplus-styles-uid-99c3e0\">Graduada en Administraci\u00f3n y Direcci\u00f3n de Empresas y Turismo, Paula ha finalizado recientemente sus estudios universitarios. Con un gran inter\u00e9s por la econom\u00eda social, los n\u00fameros y el impacto positivo en las personas, se incorpora a AmbTu para desarrollar espec\u00edficamente un proyecto de educaci\u00f3n financiera en las escuelas, as\u00ed como para dar apoyo al \u00e1rea econ\u00f3mico-financiera de la entidad. <\/p>\n\n<p class=\" eplus-wrapper eplus-styles-uid-99c3e0\"><\/p>\n\n\n<p class=\" eplus-wrapper\"><\/p>\n\n<\/div><\/div><\/div>\n\n<div class=\"gb-grid-column gb-grid-column-757e839f\"><div class=\"gb-container gb-container-757e839f\"><div class=\"gb-inside-container\">\n\n<figure class=\"gb-block-image gb-block-image-e39e4a3d\"><img loading=\"lazy\" decoding=\"async\" width=\"720\" height=\"710\" class=\"gb-image gb-image-e39e4a3d rounded-corners img is-style-rounded\" src=\"https:\/\/ambtu.coop\/wp-content\/uploads\/2026\/01\/Victor-1.png\" alt=\"\" title=\"Victor\" srcset=\"https:\/\/ambtu.coop\/wp-content\/uploads\/2026\/01\/Victor-1.png 720w, https:\/\/ambtu.coop\/wp-content\/uploads\/2026\/01\/Victor-1-300x296.png 300w, https:\/\/ambtu.coop\/wp-content\/uploads\/2026\/01\/Victor-1-600x592.png 600w, https:\/\/ambtu.coop\/wp-content\/uploads\/2026\/01\/Victor-1-100x100.png 100w\" sizes=\"(max-width: 720px) 100vw, 720px\" \/><\/figure>\n\n\n\n<p class=\" eplus-wrapper\"><\/p>\n\n\n\n<p class=\"gb-headline gb-headline-50f53340 gb-headline-text\"><strong>V\u00edctor De Castro <\/strong><\/p>\n\n\n\n<p class=\"gb-headline gb-headline-7e62f1ea gb-headline-text\"><em><em>Consultor econ\u00f3mico y de proyectos.<\/em><\/em><\/p>\n\n\n\n<p class=\"gb-headline gb-headline-97ff8cf6 gb-headline-text\"><a href=\"mailto:victor@ambtu.coop\">victor@ambtu.coop<\/a><\/p>\n\n\n<p class=\" eplus-wrapper eplus-styles-uid-99c3e0\">Licenciado en Ciencias Pol\u00edticas y de la Administraci\u00f3n en la UAB, con un posgrado en Cultura de Paz en la UAB, un M\u00e1ster en Resoluci\u00f3n de Conflictos en la UOC y un posgrado en Econom\u00eda Social en la UAB. Tiene experiencia en intervenci\u00f3n y mediaci\u00f3n comunitaria en proyectos internacionales como en el proceso de paz en Colombia o proyectos locales en Barcelona (distrito de Ciutat Vella). Desde 2020 est\u00e1 vinculado a diversos proyectos de emprendimiento colectivo y cooperativo, conectados al sector agrario, desarrollando especialmente las \u00e1reas de comercializaci\u00f3n, educaci\u00f3n y formaci\u00f3n.  <\/p>\n\n\n<p class=\" eplus-wrapper\"><\/p>\n\n<\/div><\/div><\/div>\n<\/div>\n<\/div><\/div><div class=\"gb-container gb-container-1e337ac7\"><div class=\"gb-inside-container\">\n<div class=\"gb-grid-wrapper gb-grid-wrapper-8d0947d8\">\n<div class=\"gb-grid-column gb-grid-column-be582bda\"><div class=\"gb-container gb-container-be582bda\"><div class=\"gb-inside-container\">\n\n<h3 class=\"gb-headline gb-headline-5e6c0a0b gb-headline-text\">\u00bfTienes dudas o consultas?<\/h3>\n\n<\/div><\/div><\/div>\n\n<div class=\"gb-grid-column gb-grid-column-8d94c12a\"><div class=\"gb-container gb-container-8d94c12a\"><div class=\"gb-inside-container\">\n<div class=\"gb-button-wrapper gb-button-wrapper-114bd9b6\">\n\n<a class=\"gb-button gb-button-61c77220\" href=\"https:\/\/ambtu.coop\/es\/contacto\/\"><span class=\"gb-button-text\">\u00a1Cont\u00e1ctanos!<\/span><span class=\"gb-icon\"><svg xmlns=\"https:\/\/www.w3.org\/2000\/svg\" aria-hidden=\"true\" height=\"1em\" width=\"1em\" viewbox=\"0 0 256 512\"><path fill=\"currentColor\" d=\"M224.3 273l-136 136c-9.4 9.4-24.6 9.4-33.9 0l-22.6-22.6c-9.4-9.4-9.4-24.6 0-33.9l96.4-96.4-96.4-96.4c-9.4-9.4-9.4-24.6 0-33.9L54.3 103c9.4-9.4 24.6-9.4 33.9 0l136 136c9.5 9.4 9.5 24.6.1 34z\"><\/path><\/svg><\/span><\/a>\n\n<\/div>\n<\/div><\/div><\/div>\n<\/div>\n<\/div><\/div>","protected":false},"excerpt":{"rendered":"<p>Un equipo comprometido El equipo de AmbTu est\u00e1 formado por profesionales polivalentes en el \u00e1mbito de las ciencias sociales, las finanzas y la sociolog\u00eda, altamente especializados en la planificaci\u00f3n, captaci\u00f3n y gesti\u00f3n de recursos p\u00fablicos y privados. Compartimos la motivaci\u00f3n y el objetivo de aumentar el impacto de aquellos proyectos que aportan valor a nuestros &#8230; <a title=\"Equipo\" class=\"read-more\" href=\"https:\/\/ambtu.coop\/es\/equipo\/\" aria-label=\"Leer m\u00e1s sobre Equipo\">Read more<\/a><\/p>\n","protected":false},"author":1,"featured_media":0,"parent":0,"menu_order":0,"comment_status":"closed","ping_status":"closed","template":"","meta":{"inline_featured_image":false,"editor_plus_copied_stylings":"{}","productId":0,"courseId":0,"footnotes":""},"class_list":{"0":"post-5341","1":"page","2":"type-page","3":"status-publish","5":"infinite-scroll-item"},"_links":{"self":[{"href":"https:\/\/ambtu.coop\/es\/wp-json\/wp\/v2\/pages\/5341","targetHints":{"allow":["GET"]}}],"collection":[{"href":"https:\/\/ambtu.coop\/es\/wp-json\/wp\/v2\/pages"}],"about":[{"href":"https:\/\/ambtu.coop\/es\/wp-json\/wp\/v2\/types\/page"}],"author":[{"embeddable":true,"href":"https:\/\/ambtu.coop\/es\/wp-json\/wp\/v2\/users\/1"}],"replies":[{"embeddable":true,"href":"https:\/\/ambtu.coop\/es\/wp-json\/wp\/v2\/comments?post=5341"}],"version-history":[{"count":51,"href":"https:\/\/ambtu.coop\/es\/wp-json\/wp\/v2\/pages\/5341\/revisions"}],"predecessor-version":[{"id":7767,"href":"https:\/\/ambtu.coop\/es\/wp-json\/wp\/v2\/pages\/5341\/revisions\/7767"}],"wp:attachment":[{"href":"https:\/\/ambtu.coop\/es\/wp-json\/wp\/v2\/media?parent=5341"}],"curies":[{"name":"wp","href":"https:\/\/api.w.org\/{rel}","templated":true}]}}