{"id":5348,"date":"2020-09-18T14:36:38","date_gmt":"2020-09-18T14:36:38","guid":{"rendered":"https:\/\/ambtu.coop\/inici\/"},"modified":"2025-11-19T13:31:01","modified_gmt":"2025-11-19T13:31:01","slug":"inicio","status":"publish","type":"page","link":"https:\/\/ambtu.coop\/es\/","title":{"rendered":"inicio"},"content":{"rendered":"<div class=\"gb-container gb-container-95f45c80\"><div class=\"gb-inside-container\">\n<div class=\"gb-grid-wrapper gb-grid-wrapper-779b14a4\">\n<div class=\"gb-grid-column gb-grid-column-60c49e70\"><div class=\"gb-container gb-container-60c49e70\"><div class=\"gb-inside-container\">\n\n<h1 class=\"gb-headline gb-headline-29c0d064 gb-headline-text\"><strong>Hacemos crecer <\/strong><br><strong><mark style=\"background-color:rgba(0, 0, 0, 0)\" class=\"has-inline-color has-contrast-color\">el impacto social<\/mark><\/strong><\/h1>\n\n<\/div><\/div><\/div>\n<\/div>\n<\/div><\/div>\n\n<div class=\"gb-container gb-container-4a1ed703\" id=\"divein\"><div class=\"gb-inside-container\">\n<div class=\"gb-grid-wrapper gb-grid-wrapper-2f58ca26\">\n<div class=\"gb-grid-column gb-grid-column-e033eea6\"><div class=\"gb-container gb-container-e033eea6\"><div class=\"gb-inside-container\">\n<div class=\"gb-container gb-container-2dd9e040\" id=\"novetats\"><div class=\"gb-inside-container\">\n\n<p class=\"gb-headline gb-headline-282564d1\"><span class=\"gb-icon\"><svg xmlns=\"http:\/\/www.w3.org\/2000\/svg\" viewBox=\"0 0 36.7 3\"><path d=\"M0 0h36.7v3H0z\"><\/path><\/svg><\/span><\/p>\n\n\n\n<p class=\"gb-headline gb-headline-662aec8e gb-headline-text\">Damos alas a tu proyecto<\/p>\n\n<\/div><\/div>\n\n<p class=\" eplus-wrapper eplus-styles-uid-e7c803\"><strong>AmbTu<\/strong> es una cooperativa de trabajo asociado sin \u00e1nimo de lucro. Trabajamos para aumentar el impacto de la econom\u00eda social y solidaria (ESS) y para profesionalizar, en el \u00e1mbito de la gesti\u00f3n empresarial, a las personas emprendedoras de este entorno. <\/p>\n\n<p class=\" eplus-wrapper eplus-styles-uid-e7c803\">Tras a\u00f1os de experiencia en el contexto de la ESS, el equipo de<strong>AmbTu<\/strong> quiere satisfacer una necesidad detectada en este sector, como es el acompa\u00f1amiento y la formaci\u00f3n de los y las profesionales de las entidades y empresas sociales en el proceso de conseguir y gestionar recursos financieros, con el objetivo de asegurar la viabilidad econ\u00f3mica de los proyectos que lleven a cabo. Con nuestros servicios, queremos aumentar el impacto social, ambiental y econ\u00f3mico y, a la vez, fomentar el cuidado de las personas que trabajan en \u00e9l. <\/p>\n<\/div><\/div><\/div>\n<\/div>\n<\/div><\/div>\n\n<div class=\"gb-container gb-container-8344146a\" id=\"serveis\"><div class=\"gb-inside-container\">\n\n<p class=\"gb-headline gb-headline-f4cc9691\"><span class=\"gb-icon\"><svg xmlns=\"http:\/\/www.w3.org\/2000\/svg\" viewBox=\"0 0 36.7 3\"><path d=\"M0 0h36.7v3H0z\"><\/path><\/svg><\/span><\/p>\n\n\n\n<p class=\"gb-headline gb-headline-abfbd7fd gb-headline-text\">SERVICIOS<\/p>\n\n\n<div class=\"gb-grid-wrapper gb-grid-wrapper-79b2786f\">\n<div class=\"gb-grid-column gb-grid-column-a383da12\"><div class=\"gb-container gb-container-a383da12\"><div class=\"gb-inside-container\">\n\n<figure class=\"gb-block-image gb-block-image-c3813d2c\"><img fetchpriority=\"high\" decoding=\"async\" width=\"1012\" height=\"1024\" class=\"gb-image gb-image-c3813d2c\" src=\"https:\/\/ambtu.coop\/wp-content\/uploads\/2022\/05\/1-Projectes-blocs-1012x1024.png\" alt=\"\" title=\"1-Projectes-blocs\" srcset=\"https:\/\/ambtu.coop\/wp-content\/uploads\/2022\/05\/1-Projectes-blocs-1012x1024.png 1012w, https:\/\/ambtu.coop\/wp-content\/uploads\/2022\/05\/1-Projectes-blocs-296x300.png 296w, https:\/\/ambtu.coop\/wp-content\/uploads\/2022\/05\/1-Projectes-blocs-768x777.png 768w, https:\/\/ambtu.coop\/wp-content\/uploads\/2022\/05\/1-Projectes-blocs.png 1082w\" sizes=\"(max-width: 1012px) 100vw, 1012px\" \/><\/figure>\n\n\n\n<div style=\"height:20px\" aria-hidden=\"true\" class=\" wp-block-spacer eplus-wrapper\"><\/div>\n\n\n\n<p class=\"gb-headline gb-headline-7cbb3881 gb-headline-text\">CONSULTOR\u00cdA DE PROYECTOS<\/p>\n\n\n<p class=\" eplus-wrapper eplus-styles-uid-e7c803\">Planificaci\u00f3n y gesti\u00f3n de subvenciones y ayudas p\u00fablicas y privadas. Asesoramiento en la preparaci\u00f3n de licitaciones. Formaci\u00f3n personalizada.<\/p>\n<\/div><\/div><\/div>\n\n<div class=\"gb-grid-column gb-grid-column-da0d33a4\"><div class=\"gb-container gb-container-da0d33a4\"><div class=\"gb-inside-container\">\n\n<figure class=\"gb-block-image gb-block-image-373cb457\"><img decoding=\"async\" width=\"1012\" height=\"1024\" class=\"gb-image gb-image-373cb457\" src=\"https:\/\/ambtu.coop\/wp-content\/uploads\/2022\/05\/2-economica-abaco-1012x1024.png\" alt=\"\" title=\"2-economica-abaco\" srcset=\"https:\/\/ambtu.coop\/wp-content\/uploads\/2022\/05\/2-economica-abaco-1012x1024.png 1012w, https:\/\/ambtu.coop\/wp-content\/uploads\/2022\/05\/2-economica-abaco-296x300.png 296w, https:\/\/ambtu.coop\/wp-content\/uploads\/2022\/05\/2-economica-abaco-768x777.png 768w, https:\/\/ambtu.coop\/wp-content\/uploads\/2022\/05\/2-economica-abaco.png 1082w\" sizes=\"(max-width: 1012px) 100vw, 1012px\" \/><\/figure>\n\n\n\n<div style=\"height:20px\" aria-hidden=\"true\" class=\" wp-block-spacer eplus-wrapper\"><\/div>\n\n\n\n<p class=\"gb-headline gb-headline-10ea7937 gb-headline-text\">CONSULTOR\u00cdA ECON\u00d3MICO-FINANCIERA<\/p>\n\n\n<p class=\" eplus-wrapper eplus-styles-uid-e7c803\">Asesoramiento y formaci\u00f3n personalizada sobre la gesti\u00f3n econ\u00f3mico-financiera de la empresa.<\/p>\n<\/div><\/div><\/div>\n\n<div class=\"gb-grid-column gb-grid-column-ed344aca\"><div class=\"gb-container gb-container-ed344aca\"><div class=\"gb-inside-container\">\n\n<figure class=\"gb-block-image gb-block-image-584f0a3e\"><img decoding=\"async\" width=\"1012\" height=\"1024\" class=\"gb-image gb-image-584f0a3e\" src=\"https:\/\/ambtu.coop\/wp-content\/uploads\/2022\/05\/3-Estrategia-rubik-1012x1024.png\" alt=\"\" title=\"3-Estrategia-rubik\" srcset=\"https:\/\/ambtu.coop\/wp-content\/uploads\/2022\/05\/3-Estrategia-rubik-1012x1024.png 1012w, https:\/\/ambtu.coop\/wp-content\/uploads\/2022\/05\/3-Estrategia-rubik-296x300.png 296w, https:\/\/ambtu.coop\/wp-content\/uploads\/2022\/05\/3-Estrategia-rubik-768x777.png 768w, https:\/\/ambtu.coop\/wp-content\/uploads\/2022\/05\/3-Estrategia-rubik.png 1082w\" sizes=\"(max-width: 1012px) 100vw, 1012px\" \/><\/figure>\n\n\n\n<div style=\"height:20px\" aria-hidden=\"true\" class=\" wp-block-spacer eplus-wrapper\"><\/div>\n\n\n\n<p class=\"gb-headline gb-headline-ae704fda gb-headline-text\">CONSULTOR\u00cdA ESTRAT\u00c9GICA&nbsp;<\/p>\n\n\n<p class=\" eplus-wrapper eplus-styles-uid-e7c803\">Planificaci\u00f3n estrat\u00e9gica en la creaci\u00f3n, consolidaci\u00f3n y crecimiento de la empresa.<\/p>\n<\/div><\/div><\/div>\n<\/div>\n\n<div class=\"gb-button-wrapper gb-button-wrapper-a9ee1495\">\n\n<a class=\"gb-button gb-button-de4bcf98 gb-button-text\" href=\"https:\/\/ambtu.coop\/es\/servicios\/\">M\u00c1S INFORMACI\u00d3N<\/a>\n\n<\/div>\n<\/div><\/div>\n\n<div class=\"gb-container gb-container-d5a1ef1d\"><div class=\"gb-inside-container\">\n\n<figure class=\"gb-block-image gb-block-image-99c1467e\"><img loading=\"lazy\" decoding=\"async\" width=\"300\" height=\"153\" class=\"gb-image gb-image-99c1467e\" src=\"https:\/\/ambtu.coop\/wp-content\/uploads\/2022\/05\/ESLOGAN-01-e1653289209498-300x153.png\" alt=\"\" title=\"ESLOGAN-01\" srcset=\"https:\/\/ambtu.coop\/wp-content\/uploads\/2022\/05\/ESLOGAN-01-e1653289209498-300x153.png 300w, https:\/\/ambtu.coop\/wp-content\/uploads\/2022\/05\/ESLOGAN-01-e1653289209498-1024x521.png 1024w, https:\/\/ambtu.coop\/wp-content\/uploads\/2022\/05\/ESLOGAN-01-e1653289209498-768x391.png 768w, https:\/\/ambtu.coop\/wp-content\/uploads\/2022\/05\/ESLOGAN-01-e1653289209498-1536x781.png 1536w, https:\/\/ambtu.coop\/wp-content\/uploads\/2022\/05\/ESLOGAN-01-e1653289209498-2048x1042.png 2048w\" sizes=\"(max-width: 300px) 100vw, 300px\" \/><\/figure>\n\n\n\n<p class=\"gb-headline gb-headline-3682c434 gb-headline-text\">Desde nuestra constituci\u00f3n, en agosto del 2020, trabajamos para aumentar el impacto social, econ\u00f3mico y ambiental de la ESS.<\/p>\n\n\n<div class=\"gb-grid-wrapper gb-grid-wrapper-efee85a4\">\n<div class=\"gb-grid-column gb-grid-column-5563a2fe\"><div class=\"gb-container gb-container-5563a2fe\"><div class=\"gb-inside-container\">\n\n<div class=\"epc_num ep_counter_wrapper__d8f88e41-b009-44e8-9b55-f5366ab1b21c undefined\" data-startnum=\"0\" data-endnum=\"74\" data-animduration=\"2\"><div class=\"ep_counter_wrapper\"><div class=\"ep_counter\"><span class=\"ep_counter_number\">74<\/span><span class=\"ep_counter_suffix\">.7%<\/span><\/div><div class=\"ep_counter_title\">Porcentaje de \u00e9xito<\/div><\/div><\/div><style>.eplus_styles .ep_counter_wrapper__d8f88e41-b009-44e8-9b55-f5366ab1b21c .ep_counter {\n                \n                font-weight: bold;\ncolor: #1e1e1e;\nfont-size: 28px ;\n            }\n            \n\n        \n\n         \n\n        \n        \n\n        \n\n        \n        \n            @media (max-width: 600px) {\n              .eplus_styles .ep_counter_wrapper__d8f88e41-b009-44e8-9b55-f5366ab1b21c .ep_counter {\n                    text-align: center;\nfont-weight: bold;\ncolor: #1e1e1e;\nfont-size: 20px ;\n                }\n            }.eplus_styles .ep_counter_wrapper__d8f88e41-b009-44e8-9b55-f5366ab1b21c .ep_counter_title {\n                \n                color: #1e1e1e;\nfont-size: 14px ;\n            }\n            \n\n        \n\n         \n\n        \n        \n\n        \n\n        \n        \n            @media (max-width: 600px) {\n              .eplus_styles .ep_counter_wrapper__d8f88e41-b009-44e8-9b55-f5366ab1b21c .ep_counter_title {\n                    text-align: center;\ncolor: #1e1e1e;\n                }\n            }.eplus_styles .ep_counter_wrapper__d8f88e41-b009-44e8-9b55-f5366ab1b21c .ep_counter_wrapper {\n                \n                align-items: center;\n            }<\/style>\n\n<\/div><\/div><\/div>\n\n<div class=\"gb-grid-column gb-grid-column-0527eb49\"><div class=\"gb-container gb-container-0527eb49\"><div class=\"gb-inside-container\">\n\n<div class=\"epc_num ep_counter_wrapper__aed19433-aa27-411a-81ac-f25390b03a49 undefined\" data-startnum=\"0\" data-endnum=\"619\" data-animduration=\"2\"><div class=\"ep_counter_wrapper\"><div class=\"ep_counter\"><span class=\"ep_counter_prefix\">2.640.<\/span><span class=\"ep_counter_number\">619<\/span><span class=\"ep_counter_suffix\">\u20ac<\/span><\/div><div class=\"ep_counter_title\">Recursos conseguidos para proyectos sociales<\/div><\/div><\/div><style>.eplus_styles .ep_counter_wrapper__aed19433-aa27-411a-81ac-f25390b03a49 .ep_counter {\n                \n                font-weight: bold;\ncolor: #1e1e1e;\nfont-size: 28px ;\n            }\n            \n\n        \n\n         \n\n        \n        \n\n        \n\n        \n        \n            @media (max-width: 600px) {\n              .eplus_styles .ep_counter_wrapper__aed19433-aa27-411a-81ac-f25390b03a49 .ep_counter {\n                    font-weight: bold;\ncolor: #1e1e1e;\nfont-size: 20px ;\n                }\n            }.eplus_styles .ep_counter_wrapper__aed19433-aa27-411a-81ac-f25390b03a49 .ep_counter_title {\n                \n                text-align: center;\ncolor: #1e1e1e;\nfont-size: 14px ;\n            }\n            \n\n        \n\n         \n\n        \n        \n\n        \n\n        \n        \n            @media (max-width: 600px) {\n              .eplus_styles .ep_counter_wrapper__aed19433-aa27-411a-81ac-f25390b03a49 .ep_counter_title {\n                    text-align: center;\ncolor: #1e1e1e;\nfont-size: 14px ;\n                }\n            }.eplus_styles .ep_counter_wrapper__aed19433-aa27-411a-81ac-f25390b03a49 .ep_counter_wrapper {\n                \n                align-items: center;\n            }<\/style>\n\n<\/div><\/div><\/div>\n\n<div class=\"gb-grid-column gb-grid-column-672349ca\"><div class=\"gb-container gb-container-672349ca\"><div class=\"gb-inside-container\">\n\n<div class=\"epc_num ep_counter_wrapper__56e44c40-e283-4716-a4d0-3c8ab9f694cb undefined\" data-startnum=\"0\" data-endnum=\"222\" data-animduration=\"2\"><div class=\"ep_counter_wrapper\"><div class=\"ep_counter\"><span class=\"ep_counter_number\">222<\/span><\/div><div class=\"ep_counter_title\">Entidades beneficiadas<\/div><\/div><\/div><style>.eplus_styles .ep_counter_wrapper__56e44c40-e283-4716-a4d0-3c8ab9f694cb .ep_counter {\n                \n                font-weight: bold;\ncolor: #1e1e1e;\nfont-size: 28px ;\n            }\n            \n\n        \n\n         \n\n        \n        \n\n        \n\n        \n        \n            @media (max-width: 600px) {\n              .eplus_styles .ep_counter_wrapper__56e44c40-e283-4716-a4d0-3c8ab9f694cb .ep_counter {\n                    font-weight: bold;\ncolor: #1e1e1e;\nfont-size: 20px ;\n                }\n            }.eplus_styles .ep_counter_wrapper__56e44c40-e283-4716-a4d0-3c8ab9f694cb .ep_counter_title {\n                \n                text-align: center;\ncolor: #1e1e1e;\nfont-size: 14px ;\n            }.eplus_styles .ep_counter_wrapper__56e44c40-e283-4716-a4d0-3c8ab9f694cb .ep_counter_wrapper {\n                \n                align-items: center;\n            }<\/style>\n\n<\/div><\/div><\/div>\n\n<div class=\"gb-grid-column gb-grid-column-2c481cb7\"><div class=\"gb-container gb-container-2c481cb7\"><div class=\"gb-inside-container\">\n\n<div class=\"epc_num ep_counter_wrapper__cbe864b2-a1c5-48f5-8b28-5c0488ff3e08 undefined\" data-startnum=\"0\" data-endnum=\"85\" data-animduration=\"2\"><div class=\"ep_counter_wrapper\"><div class=\"ep_counter\"><span class=\"ep_counter_number\">85<\/span><\/div><div class=\"ep_counter_title\">Puestos de trabajo creados en la ESS<\/div><\/div><\/div><style>.eplus_styles .ep_counter_wrapper__cbe864b2-a1c5-48f5-8b28-5c0488ff3e08 .ep_counter {\n                \n                font-weight: bold;\ncolor: #1e1e1e;\nfont-size: 28px ;\n            }\n            \n\n        \n\n         \n\n        \n        \n\n        \n\n        \n        \n            @media (max-width: 600px) {\n              .eplus_styles .ep_counter_wrapper__cbe864b2-a1c5-48f5-8b28-5c0488ff3e08 .ep_counter {\n                    font-weight: bold;\ncolor: #1e1e1e;\nfont-size: 20px ;\n                }\n            }.eplus_styles .ep_counter_wrapper__cbe864b2-a1c5-48f5-8b28-5c0488ff3e08 .ep_counter_title {\n                \n                text-align: center;\ncolor: #1e1e1e;\nfont-size: 14px ;\n            }.eplus_styles .ep_counter_wrapper__cbe864b2-a1c5-48f5-8b28-5c0488ff3e08 .ep_counter_wrapper {\n                \n                align-items: center;\n            }<\/style>\n\n<\/div><\/div><\/div>\n<\/div>\n<\/div><\/div>\n\n<div class=\"gb-container gb-container-e89c45e8\" id=\"novetats\"><div class=\"gb-inside-container\">\n\n<p class=\"gb-headline gb-headline-ababf9c0\"><span class=\"gb-icon\"><svg xmlns=\"http:\/\/www.w3.org\/2000\/svg\" viewBox=\"0 0 36.7 3\"><path d=\"M0 0h36.7v3H0z\"><\/path><\/svg><\/span><\/p>\n\n\n\n<p class=\"gb-headline gb-headline-7693f919 gb-headline-text\">novedades<\/p>\n\n<\/div><\/div>\n\n<div class=\"wp-block-columns eplus-wrapper is-layout-flex wp-container-core-columns-is-layout-9d6595d7 wp-block-columns-is-layout-flex eplus-styles-uid-cd42ba\">\n<div class=\"wp-block-column eplus-wrapper is-layout-flow wp-block-column-is-layout-flow\" style=\"flex-basis:25%\"><\/div>\n\n\n\n<div class=\"wp-block-column eplus-wrapper is-layout-flow wp-block-column-is-layout-flow\" style=\"flex-basis:50%\"><\/div>\n\n\n\n<div class=\"wp-block-column eplus-wrapper is-layout-flow wp-block-column-is-layout-flow\" style=\"flex-basis:25%\"><\/div>\n<\/div>\n\n<ul class=\"wp-block-latest-posts__list is-grid columns-3 aligncenter  wp-block-latest-posts eplus-styles-uid-5a8f3c\"><li><div class=\"wp-block-latest-posts__featured-image aligncenter\"><img loading=\"lazy\" decoding=\"async\" width=\"150\" height=\"150\" src=\"https:\/\/ambtu.coop\/wp-content\/uploads\/2026\/03\/BLOC-FONDO-5-1-150x150.png\" class=\"attachment-thumbnail size-thumbnail wp-post-image\" alt=\"\" style=\"\" srcset=\"https:\/\/ambtu.coop\/wp-content\/uploads\/2026\/03\/BLOC-FONDO-5-1-150x150.png 150w, https:\/\/ambtu.coop\/wp-content\/uploads\/2026\/03\/BLOC-FONDO-5-1-300x300.png 300w, https:\/\/ambtu.coop\/wp-content\/uploads\/2026\/03\/BLOC-FONDO-5-1-100x100.png 100w\" sizes=\"(max-width: 150px) 100vw, 150px\"><\/div><a class=\"wp-block-latest-posts__post-title\" href=\"https:\/\/ambtu.coop\/es\/buenas-noticias-para-las-cooperativas-la-tesoreria-general-de-la-ss-a-instancias-de-ambtu-rectifica-su-error-inicial-y-anula-la-regularizacion-en-el-caso-de-incorporacion-de-una-p\/\">Buenas noticias para las cooperativas: La Tesorer\u00eda General de la SS, a instancias de AmbTu, \u201crectifica\u201d su error inicial y anula la regularizaci\u00f3n en el caso de incorporaci\u00f3n de una persona trabajadora como socia de una cooperativa pasando del r\u00e9gimen general de cotizaci\u00f3n al RETA<\/a><\/li>\n<li><div class=\"wp-block-latest-posts__featured-image aligncenter\"><img loading=\"lazy\" decoding=\"async\" width=\"150\" height=\"150\" src=\"https:\/\/ambtu.coop\/wp-content\/uploads\/2025\/10\/BLOC-FONDO-150x150.png\" class=\"attachment-thumbnail size-thumbnail wp-post-image\" alt=\"\" style=\"\" srcset=\"https:\/\/ambtu.coop\/wp-content\/uploads\/2025\/10\/BLOC-FONDO-150x150.png 150w, https:\/\/ambtu.coop\/wp-content\/uploads\/2025\/10\/BLOC-FONDO-300x300.png 300w, https:\/\/ambtu.coop\/wp-content\/uploads\/2025\/10\/BLOC-FONDO-100x100.png 100w\" sizes=\"(max-width: 150px) 100vw, 150px\"><\/div><a class=\"wp-block-latest-posts__post-title\" href=\"https:\/\/ambtu.coop\/es\/un-error-en-el-sistema-de-la-seguridad-social-genera-penalizaciones-economicas-para-las-socias-trabajadoras-de-cooperativas-que-pasan-de-regimen-general-a-reta\/\">Un error en el sistema de la Seguridad Social genera penalizaciones econ\u00f3micas para las socias trabajadoras de cooperativas que pasan de R\u00e9gimen General a RETA<\/a><\/li>\n<li><div class=\"wp-block-latest-posts__featured-image aligncenter\"><img loading=\"lazy\" decoding=\"async\" width=\"150\" height=\"150\" src=\"https:\/\/ambtu.coop\/wp-content\/uploads\/2025\/05\/BUTLLETI-FONDO-6-150x150.png\" class=\"attachment-thumbnail size-thumbnail wp-post-image\" alt=\"\" style=\"\" srcset=\"https:\/\/ambtu.coop\/wp-content\/uploads\/2025\/05\/BUTLLETI-FONDO-6-150x150.png 150w, https:\/\/ambtu.coop\/wp-content\/uploads\/2025\/05\/BUTLLETI-FONDO-6-300x300.png 300w, https:\/\/ambtu.coop\/wp-content\/uploads\/2025\/05\/BUTLLETI-FONDO-6-100x100.png 100w\" sizes=\"(max-width: 150px) 100vw, 150px\"><\/div><a class=\"wp-block-latest-posts__post-title\" href=\"https:\/\/ambtu.coop\/es\/la-cultura-como-motor-de-cambio-social-abierta-la-nueva-convocatoria-2025-del-ministerio-de-cultura\/\">La cultura como motor de cambio social: abierta la nueva convocatoria 2025 del Ministerio de Cultura<\/a><\/li>\n<\/ul>","protected":false},"excerpt":{"rendered":"<p>SERVICIOS Desde nuestra constituci\u00f3n, en agosto del 2020, trabajamos para aumentar el impacto social, econ\u00f3mico y ambiental de la ESS. novedades<\/p>\n","protected":false},"author":1,"featured_media":0,"parent":0,"menu_order":0,"comment_status":"closed","ping_status":"closed","template":"","meta":{"inline_featured_image":false,"editor_plus_copied_stylings":"{}","productId":0,"courseId":0,"footnotes":""},"class_list":{"0":"post-5348","1":"page","2":"type-page","3":"status-publish","5":"infinite-scroll-item"},"_links":{"self":[{"href":"https:\/\/ambtu.coop\/es\/wp-json\/wp\/v2\/pages\/5348","targetHints":{"allow":["GET"]}}],"collection":[{"href":"https:\/\/ambtu.coop\/es\/wp-json\/wp\/v2\/pages"}],"about":[{"href":"https:\/\/ambtu.coop\/es\/wp-json\/wp\/v2\/types\/page"}],"author":[{"embeddable":true,"href":"https:\/\/ambtu.coop\/es\/wp-json\/wp\/v2\/users\/1"}],"replies":[{"embeddable":true,"href":"https:\/\/ambtu.coop\/es\/wp-json\/wp\/v2\/comments?post=5348"}],"version-history":[{"count":15,"href":"https:\/\/ambtu.coop\/es\/wp-json\/wp\/v2\/pages\/5348\/revisions"}],"predecessor-version":[{"id":7557,"href":"https:\/\/ambtu.coop\/es\/wp-json\/wp\/v2\/pages\/5348\/revisions\/7557"}],"wp:attachment":[{"href":"https:\/\/ambtu.coop\/es\/wp-json\/wp\/v2\/media?parent=5348"}],"curies":[{"name":"wp","href":"https:\/\/api.w.org\/{rel}","templated":true}]}}