{"id":5361,"date":"2021-12-01T17:58:41","date_gmt":"2021-12-01T17:58:41","guid":{"rendered":"https:\/\/ambtu.coop\/politica-de-privadesa\/"},"modified":"2024-04-18T10:44:19","modified_gmt":"2024-04-18T10:44:19","slug":"politica-de-privacidad","status":"publish","type":"page","link":"https:\/\/ambtu.coop\/es\/politica-de-privacidad\/","title":{"rendered":"Pol\u00edtica de Privacidad"},"content":{"rendered":"\n<p class=\" eplus-wrapper\"><strong>POL\u00cdTICA DE PRIVACIDAD Y PROTECCI\u00d3N DE DATOS&nbsp;<\/strong><\/p>\n\n\n\n<p class=\" eplus-wrapper\">Respetando lo establecido en la legislaci\u00f3n vigente, AmbTu (en adelante, tambi\u00e9n Sitio Web) se compromete a adoptar las medidas t\u00e9cnicas y organizativas necesarias, seg\u00fan el nivel de seguridad adecuado al riesgo de los datos recogidos.&nbsp;<\/p>\n\n\n\n<p class=\" eplus-wrapper\"><strong>Leyes que incorpora esta pol\u00edtica de privacidad&nbsp;<\/strong><\/p>\n\n\n\n<p class=\" eplus-wrapper\">Esta pol\u00edtica de privacidad est\u00e1 adaptada a la normativa espa\u00f1ola y europea vigente en materia de protecci\u00f3n de datos personales en Internet. En concreto, \u00e9sta respeta las siguientes normas:&nbsp;<\/p>\n\n\n\n<p class=\" eplus-wrapper\">\u2022 El Reglamento (UE) 2016\/679 del Parlamento Europeo y del Consejo, de 27 de abril de 2016, relativo a la protecci\u00f3n de las personas f\u00edsicas en lo que se refiere al tratamiento de datos personales y la libre circulaci\u00f3n de estos datos (RGPD ) .&nbsp;<\/p>\n\n\n\n<p class=\" eplus-wrapper\">\u2022 La Ley Org\u00e1nica 3\/2018, de 5 de diciembre, de Protecci\u00f3n de Datos Personales y garant\u00eda de los derechos digitales (LOPD-GDD).&nbsp;<\/p>\n\n\n\n<p class=\" eplus-wrapper\">\u2022 El Real decreto 1720\/2007, de 21 de diciembre, por el que se aprueba el Reglamento de desarrollo de la Ley org\u00e1nica 15\/1999, de 13 de diciembre, de protecci\u00f3n de datos de car\u00e1cter personal (RDLOPD).&nbsp;<\/p>\n\n\n\n<p class=\" eplus-wrapper\">\u2022 La Ley 34\/2002, de 11 de julio, de Servicios de la Sociedad de la Informaci\u00f3n y de Comercio Electr\u00f3nico (LSSI-CE).&nbsp;<\/p>\n\n\n\n<p class=\" eplus-wrapper\"><strong>Identidad del responsable del tratamiento de los datos personales&nbsp;<\/strong><\/p>\n\n\n\n<p class=\" eplus-wrapper\">El responsable del tratamiento de los datos personales recogidos en AmbTu es: AMBTUCOOP, SCCL, provista de NIF: F01823699 e inscrita en: Registro de Cooperativas de Barcelona con los siguientes datos registrales: Asentamiento 1, hoja de inscripci\u00f3n 15545, cuyo representante es: Rebeca Segura Alonso (en adelante, Responsable del tratamiento). Sus datos de contacto son los siguientes:&nbsp;<\/p>\n\n\n\n<p class=\" eplus-wrapper\">Direcci\u00f3n: C\/ Sagitari 4, 08818 Olivella&nbsp;<\/p>\n\n\n\n<p class=\" eplus-wrapper\">Tel\u00e9fono de contacto: 93 232 34 23&nbsp;<\/p>\n\n\n\n<p class=\" eplus-wrapper\">Email de contacto: <a href=\"mailto:hola@ambtu.coop\">hola@ambtu.coop<\/a>&nbsp;<\/p>\n\n\n\n<p class=\" eplus-wrapper\"><strong>Registro de Datos de Car\u00e1cter Personal&nbsp;<\/strong><\/p>\n\n\n\n<p class=\" eplus-wrapper\">En cumplimiento de lo que establecen el RGPD y la LOPD-GDD, le informamos que los datos personales recabados por AmbTu, mediante el formulario de contacto, quedar\u00e1n incorporados y ser\u00e1n tratados en nuestro fichero para poder facilitar, agilizar y cumplir los compromisos establecidos entre AmbTu y el Usuario o el mantenimiento de la relaci\u00f3n que se establezca en los formularios que \u00e9ste rellene, o para atender una solicitud o consulta. Asimismo, de conformidad con lo previsto en el RGPD y la LOPD-GDD, salvo que sea de aplicaci\u00f3n la excepci\u00f3n prevista en el art\u00edculo 30.5 del RGPD, se mantiene un registro de actividades de tratamiento que especifica, seg\u00fan sus finalidades, las actividades de tratamiento llevadas a cabo y las dem\u00e1s circunstancias establecidas en el RGPD.<\/p>\n\n\n\n<p class=\" eplus-wrapper\"><strong>Principios aplicables en el tratamiento de los datos personales&nbsp;<\/strong><\/p>\n\n\n\n<p class=\" eplus-wrapper\">El tratamiento de los datos personales del Usuario se someter\u00e1 a los siguientes principios recogidos en el art\u00edculo 5 del RGPD y en el art\u00edculo 4 y siguientes de la Ley Org\u00e1nica 3\/2018, de 5 de diciembre, de Protecci\u00f3n de Datos Personales y garant\u00eda de los derechos digitales:&nbsp;<\/p>\n\n\n\n<p class=\" eplus-wrapper\">\u2022 Principio de licitud, lealtad y transparencia: se requerir\u00e1 en todo momento el consentimiento del Usuario previa informaci\u00f3n completamente transparente de los fines para los que se recogen los datos personales.&nbsp;<\/p>\n\n\n\n<p class=\" eplus-wrapper\">\u2022 Principio de limitaci\u00f3n de la finalidad: los datos personales ser\u00e1n recogidos con fines determinados, expl\u00edcitos y leg\u00edtimos.&nbsp;<\/p>\n\n\n\n<p class=\" eplus-wrapper\">\u2022 Principio de minimizaci\u00f3n de datos: los datos personales recogidos ser\u00e1n \u00fanicamente los estrictamente necesarios en relaci\u00f3n con los fines para los que son tratados.&nbsp;<\/p>\n\n\n\n<p class=\" eplus-wrapper\">\u2022 Principio de exactitud: los datos personales deben ser exactos y estar siempre actualizados.&nbsp;<\/p>\n\n\n\n<p class=\" eplus-wrapper\">\u2022 Principio de limitaci\u00f3n del plazo de conservaci\u00f3n: los datos personales s\u00f3lo ser\u00e1n mantenidos de forma que se permita la identificaci\u00f3n del usuario durante el tiempo necesario para los fines del tratamiento.&nbsp;<\/p>\n\n\n\n<p class=\" eplus-wrapper\">\u2022 Principio de integridad y confidencialidad: los datos personales ser\u00e1n tratados de forma que se garantice su seguridad y confidencialidad.&nbsp;<\/p>\n\n\n\n<p class=\" eplus-wrapper\">\u2022 Principio de responsabilidad proactiva: el responsable del tratamiento ser\u00e1 responsable de asegurar que los principios anteriores se cumplen.&nbsp;<\/p>\n\n\n\n<p class=\" eplus-wrapper\"><strong>Categor\u00edas de datos personales<\/strong>&nbsp;<\/p>\n\n\n\n<p class=\" eplus-wrapper\">Las categor\u00edas de datos que se tratan en AmbTu son \u00fanicamente datos identificativos. En ning\u00fan caso, se tratar\u00e1n categor\u00edas especiales de datos personales en el sentido del art\u00edculo 9 del RGPD.&nbsp;<\/p>\n\n\n\n<p class=\" eplus-wrapper\"><strong>Base legal para el tratamiento de los datos personales<\/strong>&nbsp;<\/p>\n\n\n\n<p class=\" eplus-wrapper\">La base legal para el tratamiento de datos personales es el consentimiento. AmbTu se compromete a pedir el consentimiento expreso y verificable del Usuario para el tratamiento de sus datos personales para uno o varios fines espec\u00edficos.&nbsp;<\/p>\n\n\n\n<p class=\" eplus-wrapper\">El Usuario tendr\u00e1 derecho a retirar su consentimiento en cualquier momento. Ser\u00e1 tan f\u00e1cil retirar el consentimiento como darlo. La retirada del consentimiento no condicionar\u00e1 el uso del Sitio Web.&nbsp;<\/p>\n\n\n\n<p class=\" eplus-wrapper\">En las ocasiones en que el Usuario deba o pueda facilitar sus datos a trav\u00e9s de formularios para realizar consultas, solicitar informaci\u00f3n o por motivos relacionados. donde el contenido del Sitio Web, se le informar\u00e1 en caso de que la cumplimentaci\u00f3n de alguno de ellos sea obligatoria por el hecho de que \u00e9stos sean imprescindibles para el correcto desarrollo de la operaci\u00f3n realizada.&nbsp;<\/p>\n\n\n\n<p class=\" eplus-wrapper\"><strong>Hasta el tratamiento al que se destinan los datos personales<\/strong>&nbsp;<\/p>\n\n\n\n<p class=\" eplus-wrapper\">Los datos personales son recogidos y gestionados por AmbTu con el fin de poder facilitar, agilizar y cumplir los compromisos establecidos entre el Sitio Web y el Usuario o el mantenimiento de la relaci\u00f3n que se establezca en los formularios que este \u00faltimo cumplimente o para atender a una solicitud o consulta.&nbsp;<\/p>\n\n\n\n<p class=\" eplus-wrapper\">Igualmente, los datos podr\u00e1n ser utilizados con una finalidad comercial de personalizaci\u00f3n, operativa y estad\u00edstica, y actividades propias del objeto social de AmbTu, as\u00ed como para la extracci\u00f3n, almacenamiento de datos y estudios de marketing para adecuar el contenido ofrecido al usuario, as\u00ed como mejorar la calidad, funcionamiento y navegaci\u00f3n por el Sitio Web.&nbsp;<\/p>\n\n\n\n<p class=\" eplus-wrapper\">En el momento en que se obtengan los datos personales, se informar\u00e1 al Usuario sobre la finalidad o finalidades espec\u00edficas del tratamiento al que se destinar\u00e1n los datos personales; es decir, del uso o usos que se dar\u00e1 en la informaci\u00f3n recopilada.&nbsp;<\/p>\n\n\n\n<p class=\" eplus-wrapper\"><strong>Periodos de retenci\u00f3n de los datos personales&nbsp;<\/strong><\/p>\n\n\n\n<p class=\" eplus-wrapper\">Los datos personales s\u00f3lo ser\u00e1n retenidos durante el tiempo m\u00ednimo necesario para los fines de su tratamiento y, en todo caso, \u00fanicamente durante el siguiente plazo: 1 a\u00f1o, o hasta que el Usuario solicite la supresi\u00f3n.&nbsp;<\/p>\n\n\n\n<p class=\" eplus-wrapper\">En el momento en que se obtengan los datos personales, se informar\u00e1 al usuario sobre el plazo durante el cual se conservar\u00e1n los datos personales o, cuando esto no sea posible, los criterios utilizados para determinar dicho plazo.&nbsp;<\/p>\n\n\n\n<p class=\" eplus-wrapper\"><strong>Destinatarios de los datos personales<\/strong>&nbsp;<\/p>\n\n\n\n<p class=\" eplus-wrapper\">Los datos personales del usuario no ser\u00e1n compartidos con terceros.&nbsp;<\/p>\n\n\n\n<p class=\" eplus-wrapper\">En cualquier caso, en el momento en que se obtengan los datos personales, se informar\u00e1 al usuario sobre los destinatarios o categor\u00edas de destinatarios de los datos personales.&nbsp;<\/p>\n\n\n\n<p class=\" eplus-wrapper\"><strong>Datos personales de menores de edad&nbsp;<\/strong><\/p>\n\n\n\n<p class=\" eplus-wrapper\">Respetando lo establecido en los art\u00edculos 8 del RGPD y 7 de la Ley Org\u00e1nica 3\/2018, de 5 de diciembre, de Protecci\u00f3n de Datos Personales y garant\u00eda de los derechos digitales, s\u00f3lo los mayores de 14 a\u00f1os podr\u00e1n otorgar su consentimiento para el tratamiento de las sus datos personales de forma l\u00edcita por AmbTu. Si se trata de un menor de 14 a\u00f1os, ser\u00e1 necesario el consentimiento de los padres o tutores para el tratamiento, y \u00e9ste s\u00f3lo se considerar\u00e1 l\u00edcito en la medida en que \u00e9stos lo hayan autorizado.&nbsp;<\/p>\n\n\n\n<p class=\" eplus-wrapper\"><strong>Secreto y seguridad de los datos personales<\/strong>&nbsp;<\/p>\n\n\n\n<p class=\" eplus-wrapper\">AmbTu se compromete a adoptar las medidas t\u00e9cnicas y organizativas necesarias, seg\u00fan el nivel de seguridad adecuado al riesgo de los datos recogidos, de forma que se garantice la seguridad de los datos de car\u00e1cter personal y se evite la destrucci\u00f3n, p\u00e9rdida o alteraci\u00f3n accidental o il\u00edcita de datos personales transmitidos, conservados o tratados de otro modo, o la comunicaci\u00f3n o acceso no autorizados a dichos datos.&nbsp;<\/p>\n\n\n\n<p class=\" eplus-wrapper\">El Sitio Web cuenta con un certificado SSL (Secure Socket Layer), que asegura que los datos personales se transmiten de forma segura y confidencial, al ser la transmisi\u00f3n de los datos entre el servidor y el Usuario, y en retroalimentaci\u00f3n, totalmente cifrada o encriptada.&nbsp;<\/p>\n\n\n\n<p class=\" eplus-wrapper\">Sin embargo, debido a que AmbTu no puede garantizar la inexpugnabilidad de internet ni la ausencia total de hackers u otros que accedan de forma fraudulento a los datos personales, el Responsable del tratamiento se compromete a comunicar al Usuario sin dilaci\u00f3n indebida cuando se produzca una violaci\u00f3n de la seguridad de los datos personales que sea probable que comporte un alto riesgo para los derechos y libertades de las personas f\u00edsicas. Siguiendo lo establecido en el art\u00edculo 4 del RGPD, se entiende por violaci\u00f3n de la seguridad de los datos personales toda violaci\u00f3n de la seguridad que ocasione la destrucci\u00f3n, p\u00e9rdida o alteraci\u00f3n accidental o il\u00edcita de datos personales transmitidos, conservados o tratados de de otra forma, o la comunicaci\u00f3n o acceso no autorizados a dichos datos.&nbsp;<\/p>\n\n\n\n<p class=\" eplus-wrapper\">Los datos personales ser\u00e1n tratados como confidenciales por el Responsable del tratamiento, quien se compromete a informar de y a garantizar mediante una obligaci\u00f3n legal o contractual que esta confidencialidad sea respetada por sus empleados, asociados, y toda persona a quien le haga accesible la informaci\u00f3n.&nbsp;<\/p>\n\n\n\n<p class=\" eplus-wrapper\"><strong>Derechos derivados del tratamiento de los datos personales<\/strong>&nbsp;<\/p>\n\n\n\n<p class=\" eplus-wrapper\">El Usuario tiene sobre AmbTu y podr\u00e1, por tanto, ejercer ante el Responsable del tratamiento los siguientes derechos reconocidos en el RGPD y la Ley Org\u00e1nica 3\/2018, de 5 de diciembre, de Protecci\u00f3n de Datos Personales y garant\u00eda de los derechos digitales:&nbsp;<\/p>\n\n\n\n<p class=\" eplus-wrapper\">\u2022 Derecho de acceso: Es el derecho del Usuario a obtener confirmaci\u00f3n de si AmbTu est\u00e1 tratando o no sus datos personales y, en caso afirmativo, obtener informaci\u00f3n sobre sus datos concretos de car\u00e1cter personal y del tratamiento que AmbTu haya realizado o realice, as\u00ed como, entre otra, de la informaci\u00f3n posible sobre el origen de estos datos y los destinatarios de las comunicaciones realizadas o previstas.&nbsp;<\/p>\n\n\n\n<p class=\" eplus-wrapper\">\u2022 Derecho de rectificaci\u00f3n: Es el derecho del Usuario a que se modifiquen sus datos personales que resulten ser inexactos o, teniendo en cuenta las finalidades del tratamiento, incompletas.&nbsp;<\/p>\n\n\n\n<p class=\" eplus-wrapper\">\u2022 Dret de supressi\u00f3 (\u00abel dret a l&#8217;oblit\u00bb): \u00c9s el dret de l&#8217;Usuari, sempre que la legislaci\u00f3 vigent no estableixi el contrari, a obtenir la supressi\u00f3 de les dades personals quan aquestes ja no siguin necess\u00e0ries per als fins per als quals van ser recollits o tractats; l&#8217;Usuari hagi retirat el seu consentiment al tractament i aquest no tingui una altra base legal; l&#8217;Usuari s&#8217;oposi al tractament i no hi hagi cap altre motiu leg\u00edtim per continuar amb aquest; les dades personals hagin estat tractades il\u00b7l\u00edcitament; les dades personals s&#8217;han de suprimir en compliment d&#8217;una obligaci\u00f3 legal; o les dades personals hagin estat obtingudes producte duna oferta directa de serveis de la societat de la informaci\u00f3 a un menor de 14 anys. Adem\u00e1s de suprimir los datos, el Responsable del tratamiento, teniendo en cuenta la tecnolog\u00eda disponible y el coste de su aplicaci\u00f3n, deber\u00e1 adoptar medidas razonables para informar a los responsables de que est\u00e9n tratando los datos personales de la solicitud del interesado de supresi\u00f3n de cualquier enlace a estos datos personales.&nbsp;<\/p>\n\n\n\n<p class=\" eplus-wrapper\">\u2022 Derecho a la limitaci\u00f3n del tratamiento: Es el derecho del usuario a limitar el tratamiento de sus datos personales. El Usuario tiene derecho a obtener la limitaci\u00f3n del tratamiento cuando impugne la exactitud de sus datos personales; el tratamiento sea il\u00edcito; el Responsable del tratamiento ya no necesite los datos personales, pero el usuario lo necesite para realizar reclamaciones; y cuando el usuario se haya opuesto al tratamiento.&nbsp;<\/p>\n\n\n\n<p class=\" eplus-wrapper\">\u2022 Derecho a la portabilidad de los datos: En caso de que el tratamiento se efect\u00fae por medios automatizados, el Usuario tendr\u00e1 derecho a recibir del Responsable del tratamiento los datos personales en un formato estructurado, de uso com\u00fan y lectura mec\u00e1nica, ya transmitir a otro responsable del tratamiento. Siempre que sea t\u00e9cnicamente posible, el responsable del tratamiento transmitir\u00e1 directamente los datos a ese otro responsable.&nbsp;<\/p>\n\n\n\n<p class=\" eplus-wrapper\">\u2022 Derecho de oposici\u00f3n: Es el derecho del Usuario que no se lleve a cabo el tratamiento de sus datos de car\u00e1cter personal o se cese su tratamiento por parte de AmbTu.<\/p>\n\n\n\n<p class=\" eplus-wrapper\">\u2022 Derecho a no ser objeto de una decisi\u00f3n basada \u00fanicamente en el tratamiento automatizado, incluida la elaboraci\u00f3n de perfiles: Es el derecho del usuario a no ser objeto de una decisi\u00f3n individualizada basada \u00fanicamente en el tratamiento automatizado de sus datos personales, incluida la elaboraci\u00f3n de perfiles, existente salvo que la legislaci\u00f3n vigente establezca lo contrario.&nbsp;<\/p>\n\n\n\n<p class=\" eplus-wrapper\">As\u00ed pues, el Usuario podr\u00e1 ejercitar sus derechos mediante comunicaci\u00f3n escrita dirigida al Responsable del tratamiento con la referencia \u00abRGPD-www.ambtu.coop\u00bb, especificando:&nbsp;<\/p>\n\n\n\n<p class=\" eplus-wrapper\">\u2022 Nombre, apellidos del usuario y copia del DNI. En los casos en que se admita la representaci\u00f3n, tambi\u00e9n ser\u00e1 necesaria la identificaci\u00f3n por el mismo medio de la persona que representa al Usuario, as\u00ed como el documento acreditativo de la representaci\u00f3n. La fotocopia del DNI podr\u00e1 ser sustituida por cualquier otro medio v\u00e1lido en derecho que acredite su identidad.&nbsp;<\/p>\n\n\n\n<p class=\" eplus-wrapper\">\u2022 Petici\u00f3n con los motivos espec\u00edficos de la solicitud o informaci\u00f3n a la que se desea acceder.&nbsp;<\/p>\n\n\n\n<p class=\" eplus-wrapper\">\u2022 Domicilio a efectos de notificaciones.&nbsp;<\/p>\n\n\n\n<p class=\" eplus-wrapper\">\u2022 Fecha y firma del solicitante.&nbsp;<\/p>\n\n\n\n<p class=\" eplus-wrapper\">\u2022 Todo documento que acredite la petici\u00f3n que formula.&nbsp;<\/p>\n\n\n\n<p class=\" eplus-wrapper\">Esta solicitud y cualquier otro documento adjunto se podr\u00e1 enviar a la siguiente direcci\u00f3n y\/o correo electr\u00f3nico:&nbsp;<\/p>\n\n\n\n<p class=\" eplus-wrapper\">Direcci\u00f3n postal: C\/ Sagitari 4, 08818 Olivella&nbsp;<\/p>\n\n\n\n<p class=\" eplus-wrapper\">Correo electr\u00f3nico: <a href=\"mailto:hola@ambtu.coop\">hola@ambtu.coop<\/a>\u00a0<\/p>\n\n\n\n<p class=\" eplus-wrapper\"><strong>Enlaces a sitios web de terceros&nbsp;<\/strong><\/p>\n\n\n\n<p class=\" eplus-wrapper\">El Sitio Web puede incluir hiperenlaces o enlaces que permiten acceder a p\u00e1ginas web de terceros diferentes de AmbTu, y que por tanto no son operados por AmbTu. Los titulares de estos sitios web dispondr\u00e1n de sus propias pol\u00edticas de protecci\u00f3n de datos, siendo ellos mismos, en cada caso, responsables de sus propios ficheros y de las propias pr\u00e1cticas de privacidad.&nbsp;<\/p>\n\n\n\n<p class=\" eplus-wrapper\"><strong>Reclamaciones ante la autoridad de control&nbsp;<\/strong><\/p>\n\n\n\n<p class=\" eplus-wrapper\">En caso de que el Usuario considere que existe un problema o infracci\u00f3n de la normativa vigente en la forma en que se est\u00e1n tratando sus datos personales, tendr\u00e1 derecho a la tutela judicial efectiva ya presentar una reclamaci\u00f3n ante una autoridad de control, en particular, en el Estado donde tenga su residencia habitual, el puesto de trabajo o el lugar de la supuesta infracci\u00f3n. En caso de Espa\u00f1a, la autoridad de control es la Agencia Espa\u00f1ola de Protecci\u00f3n de Datos (<a href=\"https:\/\/www.aepd.es\/\" target=\"_blank\" rel=\"noopener\">https:\/\/www.aepd.es\/<\/a>).&nbsp;<\/p>\n\n\n\n<p class=\" eplus-wrapper\"><strong>ACEPTACI\u00d3N Y CAMBIOS EN ESTA POL\u00cdTICA DE PRIVACIDAD&nbsp;<\/strong><\/p>\n\n\n\n<p class=\" eplus-wrapper\">Es necesario que el Usuario haya le\u00eddo y est\u00e9 conforme con las condiciones sobre la protecci\u00f3n de datos de car\u00e1cter personal contenidas en esta Pol\u00edtica de Privacidad, as\u00ed como que acepte el tratamiento de los datos personales para que el responsable del tratamiento pueda proceder a la misma en la forma , durante los plazos y para las finalidades indicadas. El uso del Sitio Web implicar\u00e1 la aceptaci\u00f3n de la Pol\u00edtica de Privacidad del mismo.&nbsp;<\/p>\n\n\n\n<p class=\" eplus-wrapper\">AmbTu se reserva el derecho a modificar su Pol\u00edtica de Privacidad, de acuerdo con su propio criterio, o motivado por un cambio legislativo, jurisprudencial o doctrinal de la Agencia Espa\u00f1ola de Protecci\u00f3n de Datos. Los cambios o actualizaciones de esta Pol\u00edtica de Privacidad no ser\u00e1n notificados de forma expl\u00edcita al Usuario. Se recomienda al Usuario consultar esta p\u00e1gina de forma peri\u00f3dica por estar al corriente de los \u00faltimos cambios o actualizaciones.&nbsp;<\/p>\n\n\n\n<p class=\" eplus-wrapper\">Esta Pol\u00edtica de Privacidad fue actualizada para adaptarse al Reglamento (UE) 2016\/679 del Parlamento Europeo y del Consejo, de 27 de abril de 2016, relativo a la protecci\u00f3n de las personas f\u00edsicas en lo que se refiere al tratamiento de datos personales y la libre circulaci\u00f3n de estos datos (RGPD) y en la Ley org\u00e1nica 3\/2018, de 5 de diciembre, de protecci\u00f3n de datos personales y garant\u00eda de los derechos digitales.&nbsp;<\/p>\n\n\n\n<p class=\" eplus-wrapper\">Este documento de Pol\u00edtica de Privacidad de un sitio web ha sido creado mediante el generador de <a href=\"https:\/\/textos-legales.edgartamarit.com\/\" target=\"_blank\" rel=\"noopener\">plantilla de pol\u00edtica de privacidad<\/a> online el d\u00eda 08\/04\/2022.<\/p>\n","protected":false},"excerpt":{"rendered":"<p>POL\u00cdTICA DE PRIVACIDAD Y PROTECCI\u00d3N DE DATOS&nbsp; Respetando lo establecido en la legislaci\u00f3n vigente, AmbTu (en adelante, tambi\u00e9n Sitio Web) se compromete a adoptar las medidas t\u00e9cnicas y organizativas necesarias, seg\u00fan el nivel de seguridad adecuado al riesgo de los datos recogidos.&nbsp; Leyes que incorpora esta pol\u00edtica de privacidad&nbsp; Esta pol\u00edtica de privacidad est\u00e1 adaptada &#8230; <a title=\"Pol\u00edtica de Privacidad\" class=\"read-more\" href=\"https:\/\/ambtu.coop\/es\/politica-de-privacidad\/\" aria-label=\"Leer m\u00e1s sobre Pol\u00edtica de Privacidad\">Read more<\/a><\/p>\n","protected":false},"author":1,"featured_media":0,"parent":0,"menu_order":0,"comment_status":"closed","ping_status":"closed","template":"","meta":{"inline_featured_image":false,"editor_plus_copied_stylings":"{}","productId":0,"courseId":0,"footnotes":""},"class_list":{"0":"post-5361","1":"page","2":"type-page","3":"status-publish","5":"infinite-scroll-item"},"_links":{"self":[{"href":"https:\/\/ambtu.coop\/es\/wp-json\/wp\/v2\/pages\/5361","targetHints":{"allow":["GET"]}}],"collection":[{"href":"https:\/\/ambtu.coop\/es\/wp-json\/wp\/v2\/pages"}],"about":[{"href":"https:\/\/ambtu.coop\/es\/wp-json\/wp\/v2\/types\/page"}],"author":[{"embeddable":true,"href":"https:\/\/ambtu.coop\/es\/wp-json\/wp\/v2\/users\/1"}],"replies":[{"embeddable":true,"href":"https:\/\/ambtu.coop\/es\/wp-json\/wp\/v2\/comments?post=5361"}],"version-history":[{"count":4,"href":"https:\/\/ambtu.coop\/es\/wp-json\/wp\/v2\/pages\/5361\/revisions"}],"predecessor-version":[{"id":6414,"href":"https:\/\/ambtu.coop\/es\/wp-json\/wp\/v2\/pages\/5361\/revisions\/6414"}],"wp:attachment":[{"href":"https:\/\/ambtu.coop\/es\/wp-json\/wp\/v2\/media?parent=5361"}],"curies":[{"name":"wp","href":"https:\/\/api.w.org\/{rel}","templated":true}]}}