{"id":6507,"date":"2024-04-10T10:19:03","date_gmt":"2024-04-10T10:19:03","guid":{"rendered":"https:\/\/ambtu.coop\/carrito\/"},"modified":"2024-05-27T14:14:02","modified_gmt":"2024-05-27T14:14:02","slug":"carrito","status":"publish","type":"page","link":"https:\/\/ambtu.coop\/es\/carrito\/","title":{"rendered":"Carrito"},"content":{"rendered":"\n<div data-block-name=\"woocommerce\/cart\" class=\"wp-block-woocommerce-cart alignwide is-loading\">\n<div data-block-name=\"woocommerce\/filled-cart-block\" class=\"wp-block-woocommerce-filled-cart-block\">\n<div data-block-name=\"woocommerce\/cart-items-block\" class=\"wp-block-woocommerce-cart-items-block\">\n<div data-block-name=\"woocommerce\/cart-line-items-block\" class=\"wp-block-woocommerce-cart-line-items-block\"><\/div>\n\n\n\n<div data-block-name=\"woocommerce\/cart-cross-sells-block\" class=\"wp-block-woocommerce-cart-cross-sells-block\">\n<h2 class=\"wp-block-heading has-large-font-size\">Us pot interessar\u2026<\/h2>\n\n\n\n<div data-block-name=\"woocommerce\/cart-cross-sells-products-block\" class=\"wp-block-woocommerce-cart-cross-sells-products-block\"><\/div>\n<\/div>\n<\/div>\n\n\n\n<div data-block-name=\"woocommerce\/cart-totals-block\" class=\"wp-block-woocommerce-cart-totals-block\">\n<div data-block-name=\"woocommerce\/cart-order-summary-block\" class=\"wp-block-woocommerce-cart-order-summary-block\">\n<div data-block-name=\"woocommerce\/cart-order-summary-heading-block\" class=\"wp-block-woocommerce-cart-order-summary-heading-block\"><\/div><div data-block-name=\"woocommerce\/cart-order-summary-coupon-form-block\" class=\"wp-block-woocommerce-cart-order-summary-coupon-form-block\"><\/div><div data-block-name=\"woocommerce\/cart-order-summary-totals-block\" class=\"wp-block-woocommerce-cart-order-summary-totals-block\">\n<div data-block-name=\"woocommerce\/cart-order-summary-subtotal-block\" class=\"wp-block-woocommerce-cart-order-summary-subtotal-block\"><\/div>\n<div data-block-name=\"woocommerce\/cart-order-summary-discount-block\" class=\"wp-block-woocommerce-cart-order-summary-discount-block\"><\/div>\n<div data-block-name=\"woocommerce\/cart-order-summary-fee-block\" class=\"wp-block-woocommerce-cart-order-summary-fee-block\"><\/div>\n<div data-block-name=\"woocommerce\/cart-order-summary-shipping-block\" class=\"wp-block-woocommerce-cart-order-summary-shipping-block\"><\/div>\n<div data-block-name=\"woocommerce\/cart-order-summary-taxes-block\" class=\"wp-block-woocommerce-cart-order-summary-taxes-block\"><\/div><\/div>\n<\/div>\n\n\n\n<div data-block-name=\"woocommerce\/cart-express-payment-block\" class=\"wp-block-woocommerce-cart-express-payment-block\"><\/div>\n\n\n\n<div data-block-name=\"woocommerce\/proceed-to-checkout-block\" class=\"wp-block-woocommerce-proceed-to-checkout-block\"><\/div>\n\n\n\n<div data-block-name=\"woocommerce\/cart-accepted-payment-methods-block\" class=\"wp-block-woocommerce-cart-accepted-payment-methods-block\"><\/div>\n<\/div>\n<\/div>\n\n\n\n<div data-block-name=\"woocommerce\/empty-cart-block\" class=\"wp-block-woocommerce-empty-cart-block\">\n<h2 class=\"wp-block-heading has-text-align-center with-empty-cart-icon wc-block-cart__empty-cart__title\">La cistella est\u00e0 buida actualment!<\/h2>\n\n\n\n<hr class=\"wp-block-separator has-alpha-channel-opacity is-style-dots\"\/>\n\n\n\n<h2 class=\"wp-block-heading has-text-align-center\">Nou a la botiga<\/h2>\n\n\n<div data-block-name=\"woocommerce\/product-new\" data-columns=\"4\" data-rows=\"1\" class=\"wc-block-grid wp-block-product-new wp-block-woocommerce-product-new wc-block-product-new has-4-columns\"><ul class=\"wc-block-grid__products\"><li class=\"wc-block-grid__product\">\n\t\t\t\t<a href=\"https:\/\/ambtu.coop\/es\/producte\/el-plan-economico-financiero\/\" class=\"wc-block-grid__product-link\">\n\t\t\t\t\t\n\t\t\t\t\t<div class=\"wc-block-grid__product-image\"><img fetchpriority=\"high\" decoding=\"async\" width=\"300\" height=\"300\" src=\"https:\/\/ambtu.coop\/wp-content\/uploads\/2025\/10\/Portades-cursos-3-300x300.png\" class=\"attachment-woocommerce_thumbnail size-woocommerce_thumbnail\" alt=\"El Plan Econ\u00f3mico Financiero\" srcset=\"https:\/\/ambtu.coop\/wp-content\/uploads\/2025\/10\/Portades-cursos-3-300x300.png 300w, https:\/\/ambtu.coop\/wp-content\/uploads\/2025\/10\/Portades-cursos-3-1024x1024.png 1024w, https:\/\/ambtu.coop\/wp-content\/uploads\/2025\/10\/Portades-cursos-3-150x150.png 150w, https:\/\/ambtu.coop\/wp-content\/uploads\/2025\/10\/Portades-cursos-3-768x768.png 768w, https:\/\/ambtu.coop\/wp-content\/uploads\/2025\/10\/Portades-cursos-3-600x600.png 600w, https:\/\/ambtu.coop\/wp-content\/uploads\/2025\/10\/Portades-cursos-3-100x100.png 100w, https:\/\/ambtu.coop\/wp-content\/uploads\/2025\/10\/Portades-cursos-3.png 1080w\" sizes=\"(max-width: 300px) 100vw, 300px\" \/><\/div>\n\t\t\t\t\t<div class=\"wc-block-grid__product-title\">El Plan Econ\u00f3mico Financiero<\/div>\n\t\t\t\t<\/a>\n\t\t\t\t<div class=\"wc-block-grid__product-price price\"><span class=\"woocommerce-Price-amount amount\">195,00&nbsp;<span class=\"woocommerce-Price-currencySymbol\">&euro;<\/span><\/span><\/div>\n\t\t\t\t\n\t\t\t\t<div class=\"wp-block-button wc-block-grid__product-add-to-cart\"><a href=\"\/es\/wp-json\/wp\/v2\/pages\/6507?add-to-cart=7496\" aria-label=\"A\u00f1adir al carrito: &ldquo;El Plan Econ\u00f3mico Financiero&rdquo;\" data-quantity=\"1\" data-product_id=\"7496\" data-product_sku=\"curs002-2\" data-price=\"195\" rel=\"nofollow\" class=\"wp-block-button__link  add_to_cart_button ajax_add_to_cart\">A\u00f1adir al carrito<\/a><\/div>\n\t\t\t<\/li><li class=\"wc-block-grid__product\">\n\t\t\t\t<a href=\"https:\/\/ambtu.coop\/es\/producte\/introduccion-a-fondos-europeos-para-proyectos-de-innovacion-social\/\" class=\"wc-block-grid__product-link\">\n\t\t\t\t\t\n\t\t\t\t\t<div class=\"wc-block-grid__product-image\"><img decoding=\"async\" width=\"300\" height=\"300\" src=\"https:\/\/ambtu.coop\/wp-content\/uploads\/2025\/04\/Portades-cursos-1-1-300x300.png\" class=\"attachment-woocommerce_thumbnail size-woocommerce_thumbnail\" alt=\"Introducci\u00f3n a fondos europeos para proyectos de innovaci\u00f3n social\" srcset=\"https:\/\/ambtu.coop\/wp-content\/uploads\/2025\/04\/Portades-cursos-1-1-300x300.png 300w, https:\/\/ambtu.coop\/wp-content\/uploads\/2025\/04\/Portades-cursos-1-1-1024x1024.png 1024w, https:\/\/ambtu.coop\/wp-content\/uploads\/2025\/04\/Portades-cursos-1-1-150x150.png 150w, https:\/\/ambtu.coop\/wp-content\/uploads\/2025\/04\/Portades-cursos-1-1-768x768.png 768w, https:\/\/ambtu.coop\/wp-content\/uploads\/2025\/04\/Portades-cursos-1-1-600x600.png 600w, https:\/\/ambtu.coop\/wp-content\/uploads\/2025\/04\/Portades-cursos-1-1-100x100.png 100w, https:\/\/ambtu.coop\/wp-content\/uploads\/2025\/04\/Portades-cursos-1-1.png 1080w\" sizes=\"(max-width: 300px) 100vw, 300px\" \/><\/div>\n\t\t\t\t\t<div class=\"wc-block-grid__product-title\">Introducci\u00f3n a fondos europeos para proyectos de innovaci\u00f3n social<\/div>\n\t\t\t\t<\/a>\n\t\t\t\t<div class=\"wc-block-grid__product-price price\"><span class=\"woocommerce-Price-amount amount\">0,00&nbsp;<span class=\"woocommerce-Price-currencySymbol\">&euro;<\/span><\/span><\/div>\n\t\t\t\t\n\t\t\t\t<div class=\"wp-block-button wc-block-grid__product-add-to-cart\"><a href=\"\/es\/wp-json\/wp\/v2\/pages\/6507?add-to-cart=7268\" aria-label=\"A\u00f1adir al carrito: &ldquo;Introducci\u00f3n a fondos europeos para proyectos de innovaci\u00f3n social&rdquo;\" data-quantity=\"1\" data-product_id=\"7268\" data-product_sku=\"curs001-1-1\" data-price=\"0\" rel=\"nofollow\" class=\"wp-block-button__link  add_to_cart_button ajax_add_to_cart\">A\u00f1adir al carrito<\/a><\/div>\n\t\t\t<\/li><li class=\"wc-block-grid__product\">\n\t\t\t\t<a href=\"https:\/\/ambtu.coop\/es\/producte\/gestio-i-justificacio-de-projectes-singulars\/\" class=\"wc-block-grid__product-link\">\n\t\t\t\t\t\n\t\t\t\t\t<div class=\"wc-block-grid__product-image\"><img decoding=\"async\" width=\"300\" height=\"300\" src=\"https:\/\/ambtu.coop\/wp-content\/uploads\/2025\/04\/Portades-cursos-2-300x300.png\" class=\"attachment-woocommerce_thumbnail size-woocommerce_thumbnail\" alt=\"Gesti\u00f3 i justificacio de Projectes Singulars\" srcset=\"https:\/\/ambtu.coop\/wp-content\/uploads\/2025\/04\/Portades-cursos-2-300x300.png 300w, https:\/\/ambtu.coop\/wp-content\/uploads\/2025\/04\/Portades-cursos-2-1024x1024.png 1024w, https:\/\/ambtu.coop\/wp-content\/uploads\/2025\/04\/Portades-cursos-2-150x150.png 150w, https:\/\/ambtu.coop\/wp-content\/uploads\/2025\/04\/Portades-cursos-2-768x768.png 768w, https:\/\/ambtu.coop\/wp-content\/uploads\/2025\/04\/Portades-cursos-2-600x600.png 600w, https:\/\/ambtu.coop\/wp-content\/uploads\/2025\/04\/Portades-cursos-2-100x100.png 100w, https:\/\/ambtu.coop\/wp-content\/uploads\/2025\/04\/Portades-cursos-2.png 1080w\" sizes=\"(max-width: 300px) 100vw, 300px\" \/><\/div>\n\t\t\t\t\t<div class=\"wc-block-grid__product-title\">Gesti\u00f3 i justificacio de Projectes Singulars<\/div>\n\t\t\t\t<\/a>\n\t\t\t\t<div class=\"wc-block-grid__product-price price\"><span class=\"woocommerce-Price-amount amount\">0,00&nbsp;<span class=\"woocommerce-Price-currencySymbol\">&euro;<\/span><\/span><\/div>\n\t\t\t\t\n\t\t\t\t<div class=\"wp-block-button wc-block-grid__product-add-to-cart\"><a href=\"\/es\/wp-json\/wp\/v2\/pages\/6507?add-to-cart=7247\" aria-label=\"A\u00f1adir al carrito: &ldquo;Gesti\u00f3 i justificacio de Projectes Singulars&rdquo;\" data-quantity=\"1\" data-product_id=\"7247\" data-product_sku=\"curs001-1\" data-price=\"0\" rel=\"nofollow\" class=\"wp-block-button__link  add_to_cart_button ajax_add_to_cart\">A\u00f1adir al carrito<\/a><\/div>\n\t\t\t<\/li><li class=\"wc-block-grid__product\">\n\t\t\t\t<a href=\"https:\/\/ambtu.coop\/es\/producte\/introduccio-a-la-formulacio-de-subvencions-culturals-publiques\/\" class=\"wc-block-grid__product-link\">\n\t\t\t\t\t\n\t\t\t\t\t<div class=\"wc-block-grid__product-image\"><img loading=\"lazy\" decoding=\"async\" width=\"300\" height=\"300\" src=\"https:\/\/ambtu.coop\/wp-content\/uploads\/2025\/04\/Portada-Campus-300x300.png\" class=\"attachment-woocommerce_thumbnail size-woocommerce_thumbnail\" alt=\"Introducci\u00f3 a la formulaci\u00f3 de subvencions culturals p\u00fabliques\" srcset=\"https:\/\/ambtu.coop\/wp-content\/uploads\/2025\/04\/Portada-Campus-300x300.png 300w, https:\/\/ambtu.coop\/wp-content\/uploads\/2025\/04\/Portada-Campus-150x150.png 150w, https:\/\/ambtu.coop\/wp-content\/uploads\/2025\/04\/Portada-Campus-768x768.png 768w, https:\/\/ambtu.coop\/wp-content\/uploads\/2025\/04\/Portada-Campus-600x600.png 600w, https:\/\/ambtu.coop\/wp-content\/uploads\/2025\/04\/Portada-Campus-100x100.png 100w, https:\/\/ambtu.coop\/wp-content\/uploads\/2025\/04\/Portada-Campus.png 800w\" sizes=\"(max-width: 300px) 100vw, 300px\" \/><\/div>\n\t\t\t\t\t<div class=\"wc-block-grid__product-title\">Introducci\u00f3 a la formulaci\u00f3 de subvencions culturals p\u00fabliques<\/div>\n\t\t\t\t<\/a>\n\t\t\t\t<div class=\"wc-block-grid__product-price price\"><span class=\"woocommerce-Price-amount amount\">45,00&nbsp;<span class=\"woocommerce-Price-currencySymbol\">&euro;<\/span><\/span><\/div>\n\t\t\t\t\n\t\t\t\t<div class=\"wp-block-button wc-block-grid__product-add-to-cart\"><a href=\"\/es\/wp-json\/wp\/v2\/pages\/6507?add-to-cart=7242\" aria-label=\"A\u00f1adir al carrito: &ldquo;Introducci\u00f3 a la formulaci\u00f3 de subvencions culturals p\u00fabliques&rdquo;\" data-quantity=\"1\" data-product_id=\"7242\" data-product_sku=\"curs001\" data-price=\"45\" rel=\"nofollow\" class=\"wp-block-button__link  add_to_cart_button ajax_add_to_cart\">A\u00f1adir al carrito<\/a><\/div>\n\t\t\t<\/li><\/ul><\/div><\/div>\n<\/div>\n","protected":false},"excerpt":{"rendered":"","protected":false},"author":2,"featured_media":0,"parent":0,"menu_order":0,"comment_status":"closed","ping_status":"closed","template":"","meta":{"inline_featured_image":false,"editor_plus_copied_stylings":"{}","productId":0,"courseId":0,"footnotes":""},"class_list":{"0":"post-6507","1":"page","2":"type-page","3":"status-publish","5":"infinite-scroll-item"},"_links":{"self":[{"href":"https:\/\/ambtu.coop\/es\/wp-json\/wp\/v2\/pages\/6507","targetHints":{"allow":["GET"]}}],"collection":[{"href":"https:\/\/ambtu.coop\/es\/wp-json\/wp\/v2\/pages"}],"about":[{"href":"https:\/\/ambtu.coop\/es\/wp-json\/wp\/v2\/types\/page"}],"author":[{"embeddable":true,"href":"https:\/\/ambtu.coop\/es\/wp-json\/wp\/v2\/users\/2"}],"replies":[{"embeddable":true,"href":"https:\/\/ambtu.coop\/es\/wp-json\/wp\/v2\/comments?post=6507"}],"version-history":[{"count":0,"href":"https:\/\/ambtu.coop\/es\/wp-json\/wp\/v2\/pages\/6507\/revisions"}],"wp:attachment":[{"href":"https:\/\/ambtu.coop\/es\/wp-json\/wp\/v2\/media?parent=6507"}],"curies":[{"name":"wp","href":"https:\/\/api.w.org\/{rel}","templated":true}]}}