{"id":6439,"date":"2024-05-22T19:23:38","date_gmt":"2024-05-22T19:23:38","guid":{"rendered":"https:\/\/ambtu.coop\/producte\/el-pla-de-viabilitat-economico-financer\/"},"modified":"2025-10-17T10:52:50","modified_gmt":"2025-10-17T10:52:50","slug":"el-pla-de-viabilitat-economico-financer","status":"publish","type":"product","link":"https:\/\/ambtu.coop\/es\/producte\/el-pla-de-viabilitat-economico-financer\/","title":{"rendered":"Pla Econ\u00f2mico-Financer de Singulars"},"content":{"rendered":"<section id=\"region-fullwidthtop-blocks\" class=\"has-blocks\" aria-label=\"region top blocks\"><\/section>\n<div class=\"secondary-navigation edw-tabs-navigation d-print-none\">\n<nav class=\"moremenu navigation observed\"><strong><em><b>Pla Econ\u00f2mico-Financer de Singulars<\/b><\/em><\/strong><\/nav>\n<nav><\/nav>\n<nav><\/nav>\n<nav class=\"moremenu navigation observed\">\ud83c\udfafEl curs t\u00e9 com a objectiu formar entitats de l&#8217;Economia Social i Solid\u00e0ria interessades a\u00a0 presentar un projecte a la Convocat\u00f2ria dels <em>Projectes Singulars 2024<\/em> (segons l&#8217;Ordre de Bases EMT\/167\/2021 &#8211; \u00a0L\u00ednia 2). Aquest curs consta de cinc v\u00eddeos, on s&#8217;explicar\u00e0 de forma clara com completar els apartats dels criteris de valoraci\u00f3 de la L\u00ednia 2 de la convocat\u00f2ria Singulars que fan refer\u00e8ncia a l&#8217;an\u00e0lisi del model de sostenibilitat econ\u00f2mica de l&#8217;activitat dels projectes:<\/nav>\n<\/div>\n<div id=\"yui_3_17_2_1_1716993106705_1117\" class=\"generalsectioninfo\">\n<div class=\"read-more-target coursesummary summary-expanded\">\n<div class=\"no-overflow\">\n<ul>\n<li>balan\u00e7 de situaci\u00f3 (inici i final),<\/li>\n<li>compte de p\u00e8rdues i guanys,<\/li>\n<li>pla de tresoreria.<\/li>\n<\/ul>\n<p>\ud83d\udcd2El curs incorpora tamb\u00e9 un eina de treball (Excel) que us pot ajudar a elaborar la previsi\u00f3 de resultats (mensualitzada i anual), la previsi\u00f3 de tresoreria i el balan\u00e7 de situaci\u00f3.<\/p>\n<\/div>\n<div class=\"no-overflow\">\n<p>Per obtenir m\u00e9s informaci\u00f3 sobre el curs, els seus docents i les modalitats, descarrega el <a href=\"https:\/\/drive.google.com\/file\/d\/1ddO-IuZrGLqkdQtg5yaawpIyxgjKFm2X\/view\" target=\"_blank\" rel=\"noopener\">full informatiu.<\/a><\/p>\n<p>Preparat per comen\u00e7ar?\ud83d\ude80<\/p>\n<p>&nbsp;<\/p>\n<\/div>\n<p><b>Acc\u00e9s al Curs Online<\/b><br \/>\nCada compra del nostre curs correspon a un (1) usuari individual. Aix\u00f2 significa que nom\u00e9s la persona que realitza la compra tindr\u00e0 acc\u00e9s al contingut del curs amb el seu compte personal. Si desitges adquirir acc\u00e9s per a m\u00e9s d&#8217;un usuari de la teva entitat, si us plau contacta&#8217;ns a trav\u00e9s del correu campus@ambtu.coop . Estem encantats d&#8217;oferir-te opcions per a comptes addicionals!<\/p>\n<\/div>\n<div><\/div>\n<\/div>\n","protected":false},"excerpt":{"rendered":"<p>Pla Econ\u00f2mico-Financer de Singulars \ud83c\udfafEl curs t\u00e9 com a objectiu formar entitats de l&#8217;Economia Social i Solid\u00e0ria interessades a\u00a0 presentar un projecte a la Convocat\u00f2ria dels Projectes Singulars 2024 (segons l&#8217;Ordre de Bases EMT\/167\/2021 &#8211; \u00a0L\u00ednia 2). Aquest curs consta de cinc v\u00eddeos, on s&#8217;explicar\u00e0 de forma clara com completar els apartats dels criteris de &#8230; <a title=\"Pla Econ\u00f2mico-Financer de Singulars\" class=\"read-more\" href=\"https:\/\/ambtu.coop\/es\/producte\/el-pla-de-viabilitat-economico-financer\/\" aria-label=\"Leer m\u00e1s sobre Pla Econ\u00f2mico-Financer de Singulars\">Read more<\/a><\/p>\n","protected":false},"featured_media":6483,"template":"","meta":{"inline_featured_image":false,"editor_plus_copied_stylings":"{}"},"product_brand":[],"product_cat":[57],"product_tag":[],"class_list":{"0":"post-6439","1":"product","2":"type-product","3":"status-publish","4":"has-post-thumbnail","6":"product_cat-consultoria-economico-financera","7":"infinite-scroll-item","8":"resize-featured-image","10":"first","11":"instock","12":"virtual","13":"sold-individually","14":"taxable","15":"purchasable","16":"product-type-simple"},"_links":{"self":[{"href":"https:\/\/ambtu.coop\/es\/wp-json\/wp\/v2\/product\/6439","targetHints":{"allow":["GET"]}}],"collection":[{"href":"https:\/\/ambtu.coop\/es\/wp-json\/wp\/v2\/product"}],"about":[{"href":"https:\/\/ambtu.coop\/es\/wp-json\/wp\/v2\/types\/product"}],"wp:featuredmedia":[{"embeddable":true,"href":"https:\/\/ambtu.coop\/es\/wp-json\/wp\/v2\/media\/6483"}],"wp:attachment":[{"href":"https:\/\/ambtu.coop\/es\/wp-json\/wp\/v2\/media?parent=6439"}],"wp:term":[{"taxonomy":"product_brand","embeddable":true,"href":"https:\/\/ambtu.coop\/es\/wp-json\/wp\/v2\/product_brand?post=6439"},{"taxonomy":"product_cat","embeddable":true,"href":"https:\/\/ambtu.coop\/es\/wp-json\/wp\/v2\/product_cat?post=6439"},{"taxonomy":"product_tag","embeddable":true,"href":"https:\/\/ambtu.coop\/es\/wp-json\/wp\/v2\/product_tag?post=6439"}],"curies":[{"name":"wp","href":"https:\/\/api.w.org\/{rel}","templated":true}]}}