{"id":7496,"date":"2025-10-17T10:14:10","date_gmt":"2025-10-17T10:14:10","guid":{"rendered":"https:\/\/ambtu.coop\/?post_type=product&#038;p=7496"},"modified":"2025-10-17T10:28:12","modified_gmt":"2025-10-17T10:28:12","slug":"el-plan-economico-financiero","status":"publish","type":"product","link":"https:\/\/ambtu.coop\/es\/producte\/el-plan-economico-financiero\/","title":{"rendered":"El Plan Econ\u00f3mico Financiero"},"content":{"rendered":"<section id=\"region-fullwidthtop-blocks\" class=\"has-blocks\" aria-label=\"region top blocks\"><\/section>\n<div class=\"secondary-navigation edw-tabs-navigation d-print-none\">\n<p><span class=\"a_GcMg font-feature-liga-off font-feature-clig-off font-feature-calt-off text-decoration-none text-strikethrough-none\">\ud83c\udfafEl curso tiene como objetivo explicar a cualquier persona que quiera poner en marcha una empresa, proyecto o nueva actividad, con especial referencia al sector agrario, <\/span><span class=\"a_GcMg font-feature-liga-off font-feature-clig-off font-feature-calt-off text-decoration-none text-strikethrough-none\"><b>como realizar los distintos documentos que componen un plan econ\u00f3mico financiero<\/b><\/span><span class=\"a_GcMg font-feature-liga-off font-feature-clig-off font-feature-calt-off text-decoration-none text-strikethrough-none\"><span class=\"a_GcMg font-feature-liga-off font-feature-clig-off font-feature-calt-off text-decoration-none text-strikethrough-none\">. E<\/span><\/span>ste curso consta de <b>siete v\u00eddeos<\/b>, donde se explica de forma clara:<\/p>\n<ul>\n<li>Qu\u00e9 es un plan econ\u00f3mico financiero y sus diferencias con un plan de viabilidad y con un plan de empresa;<\/li>\n<li>El plan de inversiones y de financiaci\u00f3n;<\/li>\n<li>La previsi\u00f3n de resultados;<\/li>\n<li>La previsi\u00f3n de tesorer\u00eda;<\/li>\n<li>El balance de situaci\u00f3n;<\/li>\n<li>El punto de equilibrio;<\/li>\n<li>La evaluaci\u00f3n de la viabilidad econ\u00f3mico financiera.<\/li>\n<\/ul>\n<p><span class=\"a_GcMg font-feature-liga-off font-feature-clig-off font-feature-calt-off text-decoration-none text-strikethrough-none\"><br \/>\n\ud83d\udcd2El curso incorpora tambi\u00e9n un ejemplo pr\u00e1ctico que se va siguiendo a medida que se van explicando en los videos los distintos contenidos te\u00f3ricos, as\u00ed como un manual con informaci\u00f3n adicional y m\u00e1s detallada que complementa a los videos. Tanto los ejemplos como el manual pretenden facilitar la asimilaci\u00f3n de los contenidos de los distintos m\u00f3dulos.<\/span><\/p>\n<\/div>\n<div id=\"yui_3_17_2_1_1716993106705_1117\" class=\"generalsectioninfo\">\n<div class=\"read-more-target coursesummary summary-expanded\">\n<div class=\"no-overflow\">\n<p>\u00bfPreparado\/a para empezar?\ud83d\ude80<\/p>\n<\/div>\n<p>&nbsp;<\/p>\n<p>Descargua aqu\u00ed el <a href=\"https:\/\/drive.google.com\/file\/d\/18e8oRHrS5oZmwRxQ9qnCHG0sSt-XMrFg\/view?usp=sharing\" target=\"_blank\" rel=\"noopener\">folleto informativo<\/a>.<\/p>\n<p><b>Acceso al Curso Online<\/b><br \/>\nCada compra de nuestro curso corresponde a uno (1) usuario individual. Esto significa que solo la persona que realiza la compra tendr\u00e1 acceso al contenido del curso con su cuenta personal. Si deseas adquirir acceso para m\u00e1s de un usuario de tu entidad, por favor cont\u00e1ctanos a trav\u00e9s del correo campus@ambtu.coop . Estamos encantados de ofrecerte opciones para cuentas adicionales!<\/p>\n<\/div>\n<div><\/div>\n<\/div>\n","protected":false},"excerpt":{"rendered":"<p>\ud83c\udfafEl curso tiene como objetivo explicar a cualquier persona que quiera poner en marcha una empresa, proyecto o nueva actividad, con especial referencia al sector agrario, como realizar los distintos documentos que componen un plan econ\u00f3mico financiero. Este curso consta de siete v\u00eddeos, donde se explica de forma clara: Qu\u00e9 es un plan econ\u00f3mico financiero &#8230; <a title=\"El Plan Econ\u00f3mico Financiero\" class=\"read-more\" href=\"https:\/\/ambtu.coop\/es\/producte\/el-plan-economico-financiero\/\" aria-label=\"Leer m\u00e1s sobre El Plan Econ\u00f3mico Financiero\">Read more<\/a><\/p>\n","protected":false},"featured_media":7497,"template":"","meta":{"inline_featured_image":false,"editor_plus_copied_stylings":"{}"},"product_brand":[],"product_cat":[57],"product_tag":[],"class_list":{"0":"post-7496","1":"product","2":"type-product","3":"status-publish","4":"has-post-thumbnail","6":"product_cat-consultoria-economico-financera","7":"infinite-scroll-item","8":"resize-featured-image","10":"first","11":"instock","12":"virtual","13":"sold-individually","14":"taxable","15":"purchasable","16":"product-type-simple"},"_links":{"self":[{"href":"https:\/\/ambtu.coop\/es\/wp-json\/wp\/v2\/product\/7496","targetHints":{"allow":["GET"]}}],"collection":[{"href":"https:\/\/ambtu.coop\/es\/wp-json\/wp\/v2\/product"}],"about":[{"href":"https:\/\/ambtu.coop\/es\/wp-json\/wp\/v2\/types\/product"}],"wp:featuredmedia":[{"embeddable":true,"href":"https:\/\/ambtu.coop\/es\/wp-json\/wp\/v2\/media\/7497"}],"wp:attachment":[{"href":"https:\/\/ambtu.coop\/es\/wp-json\/wp\/v2\/media?parent=7496"}],"wp:term":[{"taxonomy":"product_brand","embeddable":true,"href":"https:\/\/ambtu.coop\/es\/wp-json\/wp\/v2\/product_brand?post=7496"},{"taxonomy":"product_cat","embeddable":true,"href":"https:\/\/ambtu.coop\/es\/wp-json\/wp\/v2\/product_cat?post=7496"},{"taxonomy":"product_tag","embeddable":true,"href":"https:\/\/ambtu.coop\/es\/wp-json\/wp\/v2\/product_tag?post=7496"}],"curies":[{"name":"wp","href":"https:\/\/api.w.org\/{rel}","templated":true}]}}